{"id":142,"date":"2020-03-26T11:54:36","date_gmt":"2020-03-26T10:54:36","guid":{"rendered":"http:\/\/www.kinesiologue-anglet.fr\/?page_id=142"},"modified":"2025-07-16T15:04:53","modified_gmt":"2025-07-16T13:04:53","slug":"seance-kinesiologie","status":"publish","type":"page","link":"https:\/\/www.kinesiologue-latestedebuch.fr\/index.php\/seance-kinesiologie\/","title":{"rendered":"S\u00e9ance de Kin\u00e9siologie"},"content":{"rendered":"\n<figure class=\"wp-block-image size-large\"><img data-recalc-dims=\"1\" fetchpriority=\"high\" decoding=\"async\" width=\"770\" height=\"588\" src=\"https:\/\/i0.wp.com\/www.kinesiologue-anglet.fr\/wp-content\/uploads\/2020\/03\/virginiejeanniere-kinesiologue-anglet-seance_enfant01b-1024x782.jpg?resize=770%2C588\" alt=\"\" class=\"wp-image-209\" srcset=\"https:\/\/i0.wp.com\/www.kinesiologue-latestedebuch.fr\/wp-content\/uploads\/2020\/03\/virginiejeanniere-kinesiologue-anglet-seance_enfant01b-scaled.jpg?resize=1024%2C782&amp;ssl=1 1024w, https:\/\/i0.wp.com\/www.kinesiologue-latestedebuch.fr\/wp-content\/uploads\/2020\/03\/virginiejeanniere-kinesiologue-anglet-seance_enfant01b-scaled.jpg?resize=600%2C458&amp;ssl=1 600w, https:\/\/i0.wp.com\/www.kinesiologue-latestedebuch.fr\/wp-content\/uploads\/2020\/03\/virginiejeanniere-kinesiologue-anglet-seance_enfant01b-scaled.jpg?resize=300%2C229&amp;ssl=1 300w, https:\/\/i0.wp.com\/www.kinesiologue-latestedebuch.fr\/wp-content\/uploads\/2020\/03\/virginiejeanniere-kinesiologue-anglet-seance_enfant01b-scaled.jpg?resize=768%2C587&amp;ssl=1 768w, https:\/\/i0.wp.com\/www.kinesiologue-latestedebuch.fr\/wp-content\/uploads\/2020\/03\/virginiejeanniere-kinesiologue-anglet-seance_enfant01b-scaled.jpg?resize=1536%2C1173&amp;ssl=1 1536w, https:\/\/i0.wp.com\/www.kinesiologue-latestedebuch.fr\/wp-content\/uploads\/2020\/03\/virginiejeanniere-kinesiologue-anglet-seance_enfant01b-scaled.jpg?resize=2048%2C1564&amp;ssl=1 2048w, https:\/\/i0.wp.com\/www.kinesiologue-latestedebuch.fr\/wp-content\/uploads\/2020\/03\/virginiejeanniere-kinesiologue-anglet-seance_enfant01b-scaled.jpg?resize=260%2C200&amp;ssl=1 260w, https:\/\/i0.wp.com\/www.kinesiologue-latestedebuch.fr\/wp-content\/uploads\/2020\/03\/virginiejeanniere-kinesiologue-anglet-seance_enfant01b-scaled.jpg?resize=87%2C67&amp;ssl=1 87w, https:\/\/i0.wp.com\/www.kinesiologue-latestedebuch.fr\/wp-content\/uploads\/2020\/03\/virginiejeanniere-kinesiologue-anglet-seance_enfant01b-scaled.jpg?w=2310 2310w\" sizes=\"(max-width: 770px) 100vw, 770px\" \/><figcaption class=\"wp-element-caption\">Chacune des s\u00e9ances a un caract\u00e8re unique car il est adapt\u00e9 aux besoins de la personne pour retrouver l&rsquo;\u00e9quilibre lui permettant d&rsquo;atteindre son objectif.<\/figcaption><\/figure>\n\n\n\n<h2 class=\"wp-block-heading\">SEANCE ADULTE<\/h2>\n\n\n\n<h4 class=\"wp-block-heading\"><strong>1H15 &#8211; 65\u20ac<\/strong><\/h4>\n\n\n\n<p><strong>ANAMN\u00c8SE:<\/strong><\/p>\n\n\n\n<p>Nous commen\u00e7ons par un temps d&rsquo;\u00e9change privil\u00e9gi\u00e9 pour aborder les \u00e9v\u00e8nements marquants, faire un \u00e9tat g\u00e9n\u00e9ral sur la sant\u00e9 et d\u00e9finir ensemble l&rsquo;objectif par rapport \u00e0 une probl\u00e9matique.<\/p>\n\n\n\n<p><strong>S\u00c9ANCE:<\/strong><\/p>\n\n\n\n<p>La personne s&rsquo;installe confortablement sur une table de massage.<\/p>\n\n\n\n<p>Afin de faciliter l&rsquo;atteinte de l&rsquo;objectif d\u00e9fini, gr\u00e2ce au test musculaire, nous identifions les blocages pr\u00e9sents, mettons en \u0153uvre des corrections et r\u00e9\u00e9quilibrages afin que <strong>le corps et le mental <\/strong>puissent \u00e0 nouveaux avancer dans la bonne direction et am\u00e9liorer votre bien-\u00eatre.<\/p>\n\n\n\n<p>Pr\u00e9voir des v\u00eatements souples et confortable pour \u00eatre \u00e0 l&rsquo;aise et faciliter le mouvement.<\/p>\n\n\n\n<p>Chaque s\u00e9ance effectu\u00e9e est unique, car adapt\u00e9e aux besoins de la personne, afin de r\u00e9tablir l\u2019\u00e9quilibre n\u00e9cessaire \u00e0 une bonne sant\u00e9.<\/p>\n\n\n\n<div class=\"wp-block-buttons is-layout-flex wp-block-buttons-is-layout-flex\">\n<div class=\"wp-block-button\"><a class=\"wp-block-button__link wp-element-button\" href=\"https:\/\/www.kinesiologue-latestedebuch.fr\/index.php\/contact\/\">PRENDRE<kbd> RENDEZ-VOUS<\/kbd> <\/a><\/div>\n<\/div>\n\n\n\n<hr class=\"wp-block-separator has-css-opacity\"\/>\n\n\n\n<h2 class=\"wp-block-heading\">S\u00c9ANCE ADOLESCENT:  13 &#8211; 17ANS<\/h2>\n\n\n\n<h4 class=\"wp-block-heading\"><strong>1H &#8211; 55\u20ac<\/strong><\/h4>\n\n\n\n<p>La s\u00e9ance se d\u00e9roule de la m\u00eame mani\u00e8re qu&rsquo;avec une personne adulte, \u00e9ventuellement, un des parents peut \u00eatre pr\u00e9sent pour l&rsquo;\u00e9change privil\u00e9gi\u00e9 de d\u00e9but de s\u00e9ance.<\/p>\n\n\n\n<div class=\"wp-block-buttons is-layout-flex wp-block-buttons-is-layout-flex\">\n<div class=\"wp-block-button\"><a class=\"wp-block-button__link wp-element-button\" href=\"https:\/\/www.kinesiologue-latestedebuch.fr\/index.php\/contact\/\">PRENDRE<kbd> RENDEZ-VOUS<\/kbd> <\/a><\/div>\n<\/div>\n\n\n\n<hr class=\"wp-block-separator has-css-opacity\"\/>\n\n\n\n<h2 class=\"wp-block-heading\">S\u00c9ANCE ENFANT : 0 &#8211; 12 ans<\/h2>\n\n\n\n<h4 class=\"wp-block-heading\"><strong><strong>1H &#8211; 55\u20ac<\/strong><\/strong><\/h4>\n\n\n\n<p><strong>Pour les enfants, \u00e0 partir de 4-5ans<\/strong>, l&rsquo;adulte est pr\u00e9sent pour l&rsquo;entretien pr\u00e9alable, et si l&rsquo;enfant est d&rsquo;accord, il reste ensuite environ 30 min avec la Kin\u00e9siologue afin qu&rsquo;il se sente libre d&rsquo;agir et de communiquer  son \u00e9tat int\u00e9rieur, dans une relation de confiance et un espace de confidence.<\/p>\n\n\n\n<p>Les m\u00e9thodes appliqu\u00e9es avec un enfant sera plus dans l&rsquo;\u00e9tude du mouvement kin\u00e9siologique &amp; plus ludique.<\/p>\n\n\n\n<p>Bien souvent, l&rsquo;enfant repartira avec des mouvements, issus du Brain Gym, afin de faciliter les connexions entre certaines zones c\u00e9r\u00e9brales que les stress inhibe souvent.<\/p>\n\n\n\n<p>\u00c9galement, les fleurs de Bach ou Essences de P\u00e9r\u00e9lendra apaiseront son \u00e9tat \u00e9motionnel.<\/p>\n\n\n\n<p><strong>Pour les enfants de moins de 3 ans<\/strong>, la s\u00e9ance enti\u00e8re se d\u00e9roule avec l&rsquo;un des parents. <\/p>\n\n\n\n<p>Je proc\u00e8de \u00e0 un r\u00e9\u00e9quilibrage du parent en premier lieu. Ensuite, le parent garde l&rsquo;enfant en contact avec lui et je proc\u00e8de \u00e0 la s\u00e9ance pour l&rsquo;enfant, en agissant en transfert.<\/p>\n\n\n\n<div class=\"wp-block-buttons is-layout-flex wp-block-buttons-is-layout-flex\">\n<div class=\"wp-block-button\"><a class=\"wp-block-button__link wp-element-button\" href=\"https:\/\/www.kinesiologue-latestedebuch.fr\/index.php\/contact\/\">PRENDRE<kbd> RENDEZ-VOUS<\/kbd> <\/a><\/div>\n<\/div>\n\n\n\n<hr class=\"wp-block-separator has-alpha-channel-opacity\"\/>\n\n\n\n<h2 class=\"wp-block-heading\">CERTAINES MUTUELLES PRENNENT EN CHARGE LES S\u00c9ANCES DE KIN\u00c9SIOLOGIE. PENSEZ \u00c0 VOUS RENSEIGNER!<\/h2>\n\n\n\n<p><a href=\"https:\/\/www.resalib.fr\/remboursement\/mutuelle\/specialite\/65-kinesiologue\"><strong><span style=\"text-decoration: underline;\">ICI, Quelques exemples de Mutuelles<\/span><\/strong><\/a><\/p>\n\n\n\n<hr class=\"wp-block-separator has-alpha-channel-opacity\"\/>\n\n\n\n<div class=\"wp-block-group has-white-background-color has-background\" style=\"padding-top:var(--wp--preset--spacing--80);padding-right:0;padding-bottom:var(--wp--preset--spacing--80);padding-left:0\"><div class=\"wp-block-group__inner-container is-layout-flow wp-block-group-is-layout-flow\"><h1 style=\"font-style:normal;font-weight:700;\" class=\"has-text-align-center wp-block-site-title has-medium-font-size\"><a href=\"https:\/\/www.kinesiologue-latestedebuch.fr\" target=\"_self\" rel=\"home\">VIRGINIE JEANNIERE, KINESIOLOGUE DEPUIS 2019,  LA TESTE DE BUCH<\/a><\/h1>\n\n<p class=\"has-text-align-center wp-block-site-tagline\">JE VOUS ACCOMPAGNE \u00c0 SURMONTER VOS TROUBLES ANXIEUX ET CRISES D&#039;ANGOISSE EN 3 MOIS.<\/p>\n\n\n<div style=\"height:20px\" aria-hidden=\"true\" class=\"wp-block-spacer\"><\/div>\n\n\n\n<div class=\"wp-block-buttons is-content-justification-center is-layout-flex wp-container-core-buttons-is-layout-16018d1d wp-block-buttons-is-layout-flex\">\n<div class=\"wp-block-button has-custom-width wp-block-button__width-100\"><a class=\"wp-block-button__link wp-element-button\" href=\"https:\/\/www.kinesiologue-latestedebuch.fr\/index.php\/anxiete-angoisse\/\">TROUBLES ANXIEUX \/ CRISES D&rsquo;ANGOISSE<\/a><\/div>\n\n\n\n<div class=\"wp-block-button has-custom-width wp-block-button__width-100\"><a class=\"wp-block-button__link wp-element-button\" href=\"https:\/\/www.kinesiologue-latestedebuch.fr\/index.php\/about\/\">QUI SUIS-JE, MES FORMATIONS SP\u00c9CIFIQUES<\/a><\/div>\n\n\n\n<div class=\"wp-block-button has-custom-width wp-block-button__width-100\"><a class=\"wp-block-button__link wp-element-button\" href=\"https:\/\/www.kinesiologue-latestedebuch.fr\/index.php\/contact\/\">R\u00c9SERVEZ  VOTREAPPEL   GRATUIT!<\/a><\/div>\n<\/div>\n<\/div><\/div>\n","protected":false},"excerpt":{"rendered":"<p>SEANCE ADULTE 1H15 &#8211; 65\u20ac ANAMN\u00c8SE: Nous commen\u00e7ons par un temps d&rsquo;\u00e9change privil\u00e9gi\u00e9 pour aborder les \u00e9v\u00e8nements marquants, faire un \u00e9tat g\u00e9n\u00e9ral sur la sant\u00e9 et d\u00e9finir ensemble l&rsquo;objectif par rapport \u00e0 une probl\u00e9matique. S\u00c9ANCE: La personne s&rsquo;installe confortablement sur une table de massage. Afin de faciliter l&rsquo;atteinte de l&rsquo;objectif d\u00e9fini, gr\u00e2ce au test musculaire,<\/p>\n","protected":false},"author":1,"featured_media":0,"parent":0,"menu_order":0,"comment_status":"closed","ping_status":"closed","template":"","meta":{"footnotes":""},"class_list":["post-142","page","type-page","status-publish"],"yoast_head":"<!-- This site is optimized with the Yoast SEO plugin v27.5 - https:\/\/yoast.com\/product\/yoast-seo-wordpress\/ -->\n<title>VIRGINIE JEANNIERE, KINESIOLOGUE DEPUIS 2019, LA TESTE DE BUCH - JE VOUS ACCOMPAGNE \u00c0 SURMONTER VOS TROUBLES ANXIEUX ET CRISES D&#039;ANGOISSE EN 3 MOIS. - S\u00e9ance de Kin\u00e9siologie<\/title>\n<meta name=\"robots\" content=\"index, follow, max-snippet:-1, max-image-preview:large, max-video-preview:-1\" \/>\n<link rel=\"canonical\" href=\"https:\/\/www.kinesiologue-latestedebuch.fr\/index.php\/seance-kinesiologie\/\" \/>\n<meta property=\"og:locale\" content=\"fr_FR\" \/>\n<meta property=\"og:type\" content=\"article\" \/>\n<meta property=\"og:title\" content=\"VIRGINIE JEANNIERE, KINESIOLOGUE DEPUIS 2019, LA TESTE DE BUCH - JE VOUS ACCOMPAGNE \u00c0 SURMONTER VOS TROUBLES ANXIEUX ET CRISES D&#039;ANGOISSE EN 3 MOIS. - S\u00e9ance de Kin\u00e9siologie\" \/>\n<meta property=\"og:description\" content=\"SEANCE ADULTE 1H15 &#8211; 65\u20ac ANAMN\u00c8SE: Nous commen\u00e7ons par un temps d&rsquo;\u00e9change privil\u00e9gi\u00e9 pour aborder les \u00e9v\u00e8nements marquants, faire un \u00e9tat g\u00e9n\u00e9ral sur la sant\u00e9 et d\u00e9finir ensemble l&rsquo;objectif par rapport \u00e0 une probl\u00e9matique. S\u00c9ANCE: La personne s&rsquo;installe confortablement sur une table de massage. Afin de faciliter l&rsquo;atteinte de l&rsquo;objectif d\u00e9fini, gr\u00e2ce au test musculaire,\" \/>\n<meta property=\"og:url\" content=\"https:\/\/www.kinesiologue-latestedebuch.fr\/index.php\/seance-kinesiologie\/\" \/>\n<meta property=\"og:site_name\" content=\"VIRGINIE JEANNIERE, KINESIOLOGUE DEPUIS 2019, LA TESTE DE BUCH\" \/>\n<meta property=\"article:publisher\" content=\"https:\/\/www.facebook.com\/virginiejeannierekinesiologue\" \/>\n<meta property=\"article:modified_time\" content=\"2025-07-16T13:04:53+00:00\" \/>\n<meta property=\"og:image\" content=\"http:\/\/www.kinesiologue-anglet.fr\/wp-content\/uploads\/2020\/03\/virginiejeanniere-kinesiologue-anglet-seance_enfant01b-1024x782.jpg\" \/>\n<meta name=\"twitter:card\" content=\"summary_large_image\" \/>\n<meta name=\"twitter:label1\" content=\"Dur\u00e9e de lecture estim\u00e9e\" \/>\n\t<meta name=\"twitter:data1\" content=\"3 minutes\" \/>\n<script type=\"application\/ld+json\" class=\"yoast-schema-graph\">{\"@context\":\"https:\\\/\\\/schema.org\",\"@graph\":[{\"@type\":\"WebPage\",\"@id\":\"https:\\\/\\\/www.kinesiologue-latestedebuch.fr\\\/index.php\\\/seance-kinesiologie\\\/\",\"url\":\"https:\\\/\\\/www.kinesiologue-latestedebuch.fr\\\/index.php\\\/seance-kinesiologie\\\/\",\"name\":\"VIRGINIE JEANNIERE, KINESIOLOGUE DEPUIS 2019, LA TESTE DE BUCH - JE VOUS ACCOMPAGNE \u00c0 SURMONTER VOS TROUBLES ANXIEUX ET CRISES D&#039;ANGOISSE EN 3 MOIS. - S\u00e9ance de Kin\u00e9siologie\",\"isPartOf\":{\"@id\":\"https:\\\/\\\/www.kinesiologue-latestedebuch.fr\\\/#website\"},\"primaryImageOfPage\":{\"@id\":\"https:\\\/\\\/www.kinesiologue-latestedebuch.fr\\\/index.php\\\/seance-kinesiologie\\\/#primaryimage\"},\"image\":{\"@id\":\"https:\\\/\\\/www.kinesiologue-latestedebuch.fr\\\/index.php\\\/seance-kinesiologie\\\/#primaryimage\"},\"thumbnailUrl\":\"http:\\\/\\\/www.kinesiologue-anglet.fr\\\/wp-content\\\/uploads\\\/2020\\\/03\\\/virginiejeanniere-kinesiologue-anglet-seance_enfant01b-1024x782.jpg\",\"datePublished\":\"2020-03-26T10:54:36+00:00\",\"dateModified\":\"2025-07-16T13:04:53+00:00\",\"breadcrumb\":{\"@id\":\"https:\\\/\\\/www.kinesiologue-latestedebuch.fr\\\/index.php\\\/seance-kinesiologie\\\/#breadcrumb\"},\"inLanguage\":\"fr-FR\",\"potentialAction\":[{\"@type\":\"ReadAction\",\"target\":[\"https:\\\/\\\/www.kinesiologue-latestedebuch.fr\\\/index.php\\\/seance-kinesiologie\\\/\"]}]},{\"@type\":\"ImageObject\",\"inLanguage\":\"fr-FR\",\"@id\":\"https:\\\/\\\/www.kinesiologue-latestedebuch.fr\\\/index.php\\\/seance-kinesiologie\\\/#primaryimage\",\"url\":\"http:\\\/\\\/www.kinesiologue-anglet.fr\\\/wp-content\\\/uploads\\\/2020\\\/03\\\/virginiejeanniere-kinesiologue-anglet-seance_enfant01b-1024x782.jpg\",\"contentUrl\":\"http:\\\/\\\/www.kinesiologue-anglet.fr\\\/wp-content\\\/uploads\\\/2020\\\/03\\\/virginiejeanniere-kinesiologue-anglet-seance_enfant01b-1024x782.jpg\"},{\"@type\":\"BreadcrumbList\",\"@id\":\"https:\\\/\\\/www.kinesiologue-latestedebuch.fr\\\/index.php\\\/seance-kinesiologie\\\/#breadcrumb\",\"itemListElement\":[{\"@type\":\"ListItem\",\"position\":1,\"name\":\"Accueil\",\"item\":\"https:\\\/\\\/www.kinesiologue-latestedebuch.fr\\\/\"},{\"@type\":\"ListItem\",\"position\":2,\"name\":\"S\u00e9ance de Kin\u00e9siologie\"}]},{\"@type\":\"WebSite\",\"@id\":\"https:\\\/\\\/www.kinesiologue-latestedebuch.fr\\\/#website\",\"url\":\"https:\\\/\\\/www.kinesiologue-latestedebuch.fr\\\/\",\"name\":\"KINESIOLOGUE LA TESTE DE BUCH\",\"description\":\"JE VOUS ACCOMPAGNE \u00c0 SURMONTER VOS TROUBLES ANXIEUX ET CRISES D&#039;ANGOISSE EN 3 MOIS.\",\"potentialAction\":[{\"@type\":\"SearchAction\",\"target\":{\"@type\":\"EntryPoint\",\"urlTemplate\":\"https:\\\/\\\/www.kinesiologue-latestedebuch.fr\\\/?s={search_term_string}\"},\"query-input\":{\"@type\":\"PropertyValueSpecification\",\"valueRequired\":true,\"valueName\":\"search_term_string\"}}],\"inLanguage\":\"fr-FR\"}]}<\/script>\n<!-- \/ Yoast SEO plugin. -->","yoast_head_json":{"title":"VIRGINIE JEANNIERE, KINESIOLOGUE DEPUIS 2019, LA TESTE DE BUCH - JE VOUS ACCOMPAGNE \u00c0 SURMONTER VOS TROUBLES ANXIEUX ET CRISES D&#039;ANGOISSE EN 3 MOIS. - S\u00e9ance de Kin\u00e9siologie","robots":{"index":"index","follow":"follow","max-snippet":"max-snippet:-1","max-image-preview":"max-image-preview:large","max-video-preview":"max-video-preview:-1"},"canonical":"https:\/\/www.kinesiologue-latestedebuch.fr\/index.php\/seance-kinesiologie\/","og_locale":"fr_FR","og_type":"article","og_title":"VIRGINIE JEANNIERE, KINESIOLOGUE DEPUIS 2019, LA TESTE DE BUCH - JE VOUS ACCOMPAGNE \u00c0 SURMONTER VOS TROUBLES ANXIEUX ET CRISES D&#039;ANGOISSE EN 3 MOIS. - S\u00e9ance de Kin\u00e9siologie","og_description":"SEANCE ADULTE 1H15 &#8211; 65\u20ac ANAMN\u00c8SE: Nous commen\u00e7ons par un temps d&rsquo;\u00e9change privil\u00e9gi\u00e9 pour aborder les \u00e9v\u00e8nements marquants, faire un \u00e9tat g\u00e9n\u00e9ral sur la sant\u00e9 et d\u00e9finir ensemble l&rsquo;objectif par rapport \u00e0 une probl\u00e9matique. S\u00c9ANCE: La personne s&rsquo;installe confortablement sur une table de massage. Afin de faciliter l&rsquo;atteinte de l&rsquo;objectif d\u00e9fini, gr\u00e2ce au test musculaire,","og_url":"https:\/\/www.kinesiologue-latestedebuch.fr\/index.php\/seance-kinesiologie\/","og_site_name":"VIRGINIE JEANNIERE, KINESIOLOGUE DEPUIS 2019, LA TESTE DE BUCH","article_publisher":"https:\/\/www.facebook.com\/virginiejeannierekinesiologue","article_modified_time":"2025-07-16T13:04:53+00:00","og_image":[{"url":"http:\/\/www.kinesiologue-anglet.fr\/wp-content\/uploads\/2020\/03\/virginiejeanniere-kinesiologue-anglet-seance_enfant01b-1024x782.jpg","type":"","width":"","height":""}],"twitter_card":"summary_large_image","twitter_misc":{"Dur\u00e9e de lecture estim\u00e9e":"3 minutes"},"schema":{"@context":"https:\/\/schema.org","@graph":[{"@type":"WebPage","@id":"https:\/\/www.kinesiologue-latestedebuch.fr\/index.php\/seance-kinesiologie\/","url":"https:\/\/www.kinesiologue-latestedebuch.fr\/index.php\/seance-kinesiologie\/","name":"VIRGINIE JEANNIERE, KINESIOLOGUE DEPUIS 2019, LA TESTE DE BUCH - JE VOUS ACCOMPAGNE \u00c0 SURMONTER VOS TROUBLES ANXIEUX ET CRISES D&#039;ANGOISSE EN 3 MOIS. - S\u00e9ance de Kin\u00e9siologie","isPartOf":{"@id":"https:\/\/www.kinesiologue-latestedebuch.fr\/#website"},"primaryImageOfPage":{"@id":"https:\/\/www.kinesiologue-latestedebuch.fr\/index.php\/seance-kinesiologie\/#primaryimage"},"image":{"@id":"https:\/\/www.kinesiologue-latestedebuch.fr\/index.php\/seance-kinesiologie\/#primaryimage"},"thumbnailUrl":"http:\/\/www.kinesiologue-anglet.fr\/wp-content\/uploads\/2020\/03\/virginiejeanniere-kinesiologue-anglet-seance_enfant01b-1024x782.jpg","datePublished":"2020-03-26T10:54:36+00:00","dateModified":"2025-07-16T13:04:53+00:00","breadcrumb":{"@id":"https:\/\/www.kinesiologue-latestedebuch.fr\/index.php\/seance-kinesiologie\/#breadcrumb"},"inLanguage":"fr-FR","potentialAction":[{"@type":"ReadAction","target":["https:\/\/www.kinesiologue-latestedebuch.fr\/index.php\/seance-kinesiologie\/"]}]},{"@type":"ImageObject","inLanguage":"fr-FR","@id":"https:\/\/www.kinesiologue-latestedebuch.fr\/index.php\/seance-kinesiologie\/#primaryimage","url":"http:\/\/www.kinesiologue-anglet.fr\/wp-content\/uploads\/2020\/03\/virginiejeanniere-kinesiologue-anglet-seance_enfant01b-1024x782.jpg","contentUrl":"http:\/\/www.kinesiologue-anglet.fr\/wp-content\/uploads\/2020\/03\/virginiejeanniere-kinesiologue-anglet-seance_enfant01b-1024x782.jpg"},{"@type":"BreadcrumbList","@id":"https:\/\/www.kinesiologue-latestedebuch.fr\/index.php\/seance-kinesiologie\/#breadcrumb","itemListElement":[{"@type":"ListItem","position":1,"name":"Accueil","item":"https:\/\/www.kinesiologue-latestedebuch.fr\/"},{"@type":"ListItem","position":2,"name":"S\u00e9ance de Kin\u00e9siologie"}]},{"@type":"WebSite","@id":"https:\/\/www.kinesiologue-latestedebuch.fr\/#website","url":"https:\/\/www.kinesiologue-latestedebuch.fr\/","name":"KINESIOLOGUE LA TESTE DE BUCH","description":"JE VOUS ACCOMPAGNE \u00c0 SURMONTER VOS TROUBLES ANXIEUX ET CRISES D&#039;ANGOISSE EN 3 MOIS.","potentialAction":[{"@type":"SearchAction","target":{"@type":"EntryPoint","urlTemplate":"https:\/\/www.kinesiologue-latestedebuch.fr\/?s={search_term_string}"},"query-input":{"@type":"PropertyValueSpecification","valueRequired":true,"valueName":"search_term_string"}}],"inLanguage":"fr-FR"}]}},"jetpack_sharing_enabled":true,"_links":{"self":[{"href":"https:\/\/www.kinesiologue-latestedebuch.fr\/index.php\/wp-json\/wp\/v2\/pages\/142","targetHints":{"allow":["GET"]}}],"collection":[{"href":"https:\/\/www.kinesiologue-latestedebuch.fr\/index.php\/wp-json\/wp\/v2\/pages"}],"about":[{"href":"https:\/\/www.kinesiologue-latestedebuch.fr\/index.php\/wp-json\/wp\/v2\/types\/page"}],"author":[{"embeddable":true,"href":"https:\/\/www.kinesiologue-latestedebuch.fr\/index.php\/wp-json\/wp\/v2\/users\/1"}],"replies":[{"embeddable":true,"href":"https:\/\/www.kinesiologue-latestedebuch.fr\/index.php\/wp-json\/wp\/v2\/comments?post=142"}],"version-history":[{"count":19,"href":"https:\/\/www.kinesiologue-latestedebuch.fr\/index.php\/wp-json\/wp\/v2\/pages\/142\/revisions"}],"predecessor-version":[{"id":933,"href":"https:\/\/www.kinesiologue-latestedebuch.fr\/index.php\/wp-json\/wp\/v2\/pages\/142\/revisions\/933"}],"wp:attachment":[{"href":"https:\/\/www.kinesiologue-latestedebuch.fr\/index.php\/wp-json\/wp\/v2\/media?parent=142"}],"curies":[{"name":"wp","href":"https:\/\/api.w.org\/{rel}","templated":true}]}}