{"id":295,"date":"2020-06-22T15:55:52","date_gmt":"2020-06-22T13:55:52","guid":{"rendered":"http:\/\/www.kinesiologue-anglet.fr\/?page_id=295"},"modified":"2025-01-10T19:57:25","modified_gmt":"2025-01-10T18:57:25","slug":"prestation-en-entreprise-association","status":"publish","type":"page","link":"https:\/\/www.kinesiologue-latestedebuch.fr\/index.php\/prestation-en-entreprise-association\/","title":{"rendered":"Prestation en Entreprise &#038; Association"},"content":{"rendered":"\n<figure class=\"wp-block-image size-large\"><img data-recalc-dims=\"1\" fetchpriority=\"high\" decoding=\"async\" width=\"770\" height=\"578\" src=\"https:\/\/i0.wp.com\/www.kinesiologue-anglet.fr\/wp-content\/uploads\/2020\/06\/virginie-jeanniere-intervention-entreprise-5-nb-1024x768.jpg?resize=770%2C578\" alt=\"intervention kinesiologue entreprise association\" class=\"wp-image-296\" srcset=\"https:\/\/i0.wp.com\/www.kinesiologue-latestedebuch.fr\/wp-content\/uploads\/2020\/06\/virginie-jeanniere-intervention-entreprise-5-nb.jpg?resize=1024%2C768&amp;ssl=1 1024w, https:\/\/i0.wp.com\/www.kinesiologue-latestedebuch.fr\/wp-content\/uploads\/2020\/06\/virginie-jeanniere-intervention-entreprise-5-nb.jpg?resize=600%2C450&amp;ssl=1 600w, https:\/\/i0.wp.com\/www.kinesiologue-latestedebuch.fr\/wp-content\/uploads\/2020\/06\/virginie-jeanniere-intervention-entreprise-5-nb.jpg?resize=300%2C225&amp;ssl=1 300w, https:\/\/i0.wp.com\/www.kinesiologue-latestedebuch.fr\/wp-content\/uploads\/2020\/06\/virginie-jeanniere-intervention-entreprise-5-nb.jpg?resize=768%2C576&amp;ssl=1 768w, https:\/\/i0.wp.com\/www.kinesiologue-latestedebuch.fr\/wp-content\/uploads\/2020\/06\/virginie-jeanniere-intervention-entreprise-5-nb.jpg?resize=1536%2C1152&amp;ssl=1 1536w, https:\/\/i0.wp.com\/www.kinesiologue-latestedebuch.fr\/wp-content\/uploads\/2020\/06\/virginie-jeanniere-intervention-entreprise-5-nb.jpg?w=1600&amp;ssl=1 1600w\" sizes=\"(max-width: 770px) 100vw, 770px\" \/><figcaption class=\"wp-element-caption\">Intervention en entreprises et associations: j&rsquo;interviens en conf\u00e9rence\/atelier, pour apprendre \u00e0 mieux g\u00e9rer ses \u00e9motions, pr\u00e9venir le stress, sensibiliser et partager les signes avant coureurs du burn-out professionnel et personnel.<\/figcaption><\/figure>\n\n\n\n<hr class=\"wp-block-separator has-css-opacity\"\/>\n\n\n\n<h2 class=\"wp-block-heading\">PR\u00c9VENTION STRESS, FATIGUE CHRONIQUE &amp; BURN-OUT<\/h2>\n\n\n\n<ul class=\"wp-block-list\">\n<li>Que provoque le stress dans l&rsquo;organisme.<\/li>\n\n\n\n<li>Comment d\u00e9celer ces \u00e9tats en nous.<\/li>\n\n\n\n<li>M\u00e9thodes pour l&rsquo;\u00e9vacuer et se ressourcer.<\/li>\n\n\n\n<li>Aides disponibles.<\/li>\n<\/ul>\n\n\n\n<h2 class=\"wp-block-heading\">GESTION DES \u00c9MOTIONS<\/h2>\n\n\n\n<ul class=\"wp-block-list\">\n<li>Les reconna\u00eetre quand elles sont pr\u00e9sentes.<\/li>\n\n\n\n<li>Comment les exprimer.<\/li>\n\n\n\n<li>Que faire quand elles sont trop pr\u00e9sentes ou non-exprim\u00e9es.<\/li>\n\n\n\n<li>Les \u00e9motions li\u00e9es aux \u00e9v\u00e8nements pass\u00e9s.<\/li>\n<\/ul>\n\n\n\n<h2 class=\"wp-block-heading\">BRAIN GYM<\/h2>\n\n\n\n<ul class=\"wp-block-list\">\n<li>Mouvements du corps et des yeux. <\/li>\n\n\n\n<li>Simple et ludique.<\/li>\n\n\n\n<li>Active et synchronise des zones c\u00e9r\u00e9brales.<\/li>\n\n\n\n<li>Am\u00e9liore la concentration, lecture, \u00e9coute, \u00e9criture, et autres apprentissages.<\/li>\n\n\n\n<li>Apaise et clarifie l&rsquo;esprit.<\/li>\n<\/ul>\n\n\n\n<h2 class=\"wp-block-heading\">ACCOMPAGNEMENT MANAGER<\/h2>\n\n\n\n<ul class=\"wp-block-list\">\n<li>Soutien pour maintenir un centrage en cas de changement, d&rsquo;\u00e9volution.<\/li>\n\n\n\n<li>Red\u00e9finir une nouvelle vision d&rsquo;\u00e9quipe.<\/li>\n\n\n\n<li>D\u00e9couvrir les diff\u00e9rents fonctionnements individuels.<\/li>\n\n\n\n<li>Am\u00e9liorer la coh\u00e9rence et de l&rsquo;entente de l&rsquo;\u00e9quipe. <\/li>\n<\/ul>\n\n\n\n<h2 class=\"wp-block-heading\">SOUTIEN \u00c9QUIPE RH<\/h2>\n\n\n\n<ul class=\"wp-block-list\">\n<li>Le personnel de ces \u00e9quipes HUMAINES ont aussi besoin de soutien.<\/li>\n\n\n\n<li>Faciliter l&rsquo;ouverture au changement et \u00e0 l&rsquo;\u00e9volution d&rsquo;un poste, d&rsquo;un service.<\/li>\n\n\n\n<li>Intervention d&rsquo;un kin\u00e9siologue, form\u00e9 en psychologie: Analyse Transactionnelle.<\/li>\n\n\n\n<li>Favorise l&rsquo;\u00e9coute, les diff\u00e9rents points de vue, et une communication apais\u00e9e.<\/li>\n\n\n\n<li>R\u00f4le de m\u00e9diateur<\/li>\n<\/ul>\n\n\n\n<hr class=\"wp-block-separator has-css-opacity is-style-dots\"\/>\n\n\n\n<p><a href=\"https:\/\/www.kinesiologue-latestedebuch.fr\/index.php\/contact\/\" data-type=\"page\" data-id=\"9\"><strong>CONTACTEZ-MOI<\/strong><\/a> POUR M&rsquo;EXPOSER LES BESOINS DE VOTRE ENTREPRISE OU ASSOCIATION, AFIN D&rsquo;\u00c9TABLIR UN DEVIS.<\/p>\n\n\n\n<p><\/p>\n","protected":false},"excerpt":{"rendered":"<p>PR\u00c9VENTION STRESS, FATIGUE CHRONIQUE &amp; BURN-OUT GESTION DES \u00c9MOTIONS BRAIN GYM ACCOMPAGNEMENT MANAGER SOUTIEN \u00c9QUIPE RH CONTACTEZ-MOI POUR M&rsquo;EXPOSER LES BESOINS DE VOTRE ENTREPRISE OU ASSOCIATION, AFIN D&rsquo;\u00c9TABLIR UN DEVIS.<\/p>\n","protected":false},"author":1,"featured_media":0,"parent":0,"menu_order":0,"comment_status":"closed","ping_status":"closed","template":"","meta":{"footnotes":""},"class_list":["post-295","page","type-page","status-publish"],"yoast_head":"<!-- This site is optimized with the Yoast SEO plugin v27.3 - https:\/\/yoast.com\/product\/yoast-seo-wordpress\/ -->\n<title>VIRGINIE JEANNIERE, KINESIOLOGUE DEPUIS 2019, LA TESTE DE BUCH - JE VOUS ACCOMPAGNE \u00c0 SURMONTER VOS TROUBLES ANXIEUX ET CRISES D&#039;ANGOISSE EN 3 MOIS. - Prestation en Entreprise &amp; Association<\/title>\n<meta name=\"robots\" content=\"index, follow, max-snippet:-1, max-image-preview:large, max-video-preview:-1\" \/>\n<link rel=\"canonical\" href=\"https:\/\/www.kinesiologue-latestedebuch.fr\/index.php\/prestation-en-entreprise-association\/\" \/>\n<meta property=\"og:locale\" content=\"fr_FR\" \/>\n<meta property=\"og:type\" content=\"article\" \/>\n<meta property=\"og:title\" content=\"VIRGINIE JEANNIERE, KINESIOLOGUE DEPUIS 2019, LA TESTE DE BUCH - JE VOUS ACCOMPAGNE \u00c0 SURMONTER VOS TROUBLES ANXIEUX ET CRISES D&#039;ANGOISSE EN 3 MOIS. - Prestation en Entreprise &amp; Association\" \/>\n<meta property=\"og:description\" content=\"PR\u00c9VENTION STRESS, FATIGUE CHRONIQUE &amp; BURN-OUT GESTION DES \u00c9MOTIONS BRAIN GYM ACCOMPAGNEMENT MANAGER SOUTIEN \u00c9QUIPE RH CONTACTEZ-MOI POUR M&rsquo;EXPOSER LES BESOINS DE VOTRE ENTREPRISE OU ASSOCIATION, AFIN D&rsquo;\u00c9TABLIR UN DEVIS.\" \/>\n<meta property=\"og:url\" content=\"https:\/\/www.kinesiologue-latestedebuch.fr\/index.php\/prestation-en-entreprise-association\/\" \/>\n<meta property=\"og:site_name\" content=\"VIRGINIE JEANNIERE, KINESIOLOGUE DEPUIS 2019, LA TESTE DE BUCH\" \/>\n<meta property=\"article:publisher\" content=\"https:\/\/www.facebook.com\/virginiejeannierekinesiologue\" \/>\n<meta property=\"article:modified_time\" content=\"2025-01-10T18:57:25+00:00\" \/>\n<meta property=\"og:image\" content=\"http:\/\/www.kinesiologue-anglet.fr\/wp-content\/uploads\/2020\/06\/virginie-jeanniere-intervention-entreprise-5-nb-1024x768.jpg\" \/>\n<meta name=\"twitter:card\" content=\"summary_large_image\" \/>\n<meta name=\"twitter:label1\" content=\"Dur\u00e9e de lecture estim\u00e9e\" \/>\n\t<meta name=\"twitter:data1\" content=\"1 minute\" \/>\n<script type=\"application\/ld+json\" class=\"yoast-schema-graph\">{\"@context\":\"https:\\\/\\\/schema.org\",\"@graph\":[{\"@type\":\"WebPage\",\"@id\":\"https:\\\/\\\/www.kinesiologue-latestedebuch.fr\\\/index.php\\\/prestation-en-entreprise-association\\\/\",\"url\":\"https:\\\/\\\/www.kinesiologue-latestedebuch.fr\\\/index.php\\\/prestation-en-entreprise-association\\\/\",\"name\":\"VIRGINIE JEANNIERE, KINESIOLOGUE DEPUIS 2019, LA TESTE DE BUCH - JE VOUS ACCOMPAGNE \u00c0 SURMONTER VOS TROUBLES ANXIEUX ET CRISES D&#039;ANGOISSE EN 3 MOIS. - Prestation en Entreprise & Association\",\"isPartOf\":{\"@id\":\"https:\\\/\\\/www.kinesiologue-latestedebuch.fr\\\/#website\"},\"primaryImageOfPage\":{\"@id\":\"https:\\\/\\\/www.kinesiologue-latestedebuch.fr\\\/index.php\\\/prestation-en-entreprise-association\\\/#primaryimage\"},\"image\":{\"@id\":\"https:\\\/\\\/www.kinesiologue-latestedebuch.fr\\\/index.php\\\/prestation-en-entreprise-association\\\/#primaryimage\"},\"thumbnailUrl\":\"http:\\\/\\\/www.kinesiologue-anglet.fr\\\/wp-content\\\/uploads\\\/2020\\\/06\\\/virginie-jeanniere-intervention-entreprise-5-nb-1024x768.jpg\",\"datePublished\":\"2020-06-22T13:55:52+00:00\",\"dateModified\":\"2025-01-10T18:57:25+00:00\",\"breadcrumb\":{\"@id\":\"https:\\\/\\\/www.kinesiologue-latestedebuch.fr\\\/index.php\\\/prestation-en-entreprise-association\\\/#breadcrumb\"},\"inLanguage\":\"fr-FR\",\"potentialAction\":[{\"@type\":\"ReadAction\",\"target\":[\"https:\\\/\\\/www.kinesiologue-latestedebuch.fr\\\/index.php\\\/prestation-en-entreprise-association\\\/\"]}]},{\"@type\":\"ImageObject\",\"inLanguage\":\"fr-FR\",\"@id\":\"https:\\\/\\\/www.kinesiologue-latestedebuch.fr\\\/index.php\\\/prestation-en-entreprise-association\\\/#primaryimage\",\"url\":\"http:\\\/\\\/www.kinesiologue-anglet.fr\\\/wp-content\\\/uploads\\\/2020\\\/06\\\/virginie-jeanniere-intervention-entreprise-5-nb-1024x768.jpg\",\"contentUrl\":\"http:\\\/\\\/www.kinesiologue-anglet.fr\\\/wp-content\\\/uploads\\\/2020\\\/06\\\/virginie-jeanniere-intervention-entreprise-5-nb-1024x768.jpg\"},{\"@type\":\"BreadcrumbList\",\"@id\":\"https:\\\/\\\/www.kinesiologue-latestedebuch.fr\\\/index.php\\\/prestation-en-entreprise-association\\\/#breadcrumb\",\"itemListElement\":[{\"@type\":\"ListItem\",\"position\":1,\"name\":\"Accueil\",\"item\":\"https:\\\/\\\/www.kinesiologue-latestedebuch.fr\\\/\"},{\"@type\":\"ListItem\",\"position\":2,\"name\":\"Prestation en Entreprise &#038; Association\"}]},{\"@type\":\"WebSite\",\"@id\":\"https:\\\/\\\/www.kinesiologue-latestedebuch.fr\\\/#website\",\"url\":\"https:\\\/\\\/www.kinesiologue-latestedebuch.fr\\\/\",\"name\":\"KINESIOLOGUE LA TESTE DE BUCH\",\"description\":\"JE VOUS ACCOMPAGNE \u00c0 SURMONTER VOS TROUBLES ANXIEUX ET CRISES D&#039;ANGOISSE EN 3 MOIS.\",\"potentialAction\":[{\"@type\":\"SearchAction\",\"target\":{\"@type\":\"EntryPoint\",\"urlTemplate\":\"https:\\\/\\\/www.kinesiologue-latestedebuch.fr\\\/?s={search_term_string}\"},\"query-input\":{\"@type\":\"PropertyValueSpecification\",\"valueRequired\":true,\"valueName\":\"search_term_string\"}}],\"inLanguage\":\"fr-FR\"}]}<\/script>\n<!-- \/ Yoast SEO plugin. -->","yoast_head_json":{"title":"VIRGINIE JEANNIERE, KINESIOLOGUE DEPUIS 2019, LA TESTE DE BUCH - JE VOUS ACCOMPAGNE \u00c0 SURMONTER VOS TROUBLES ANXIEUX ET CRISES D&#039;ANGOISSE EN 3 MOIS. - Prestation en Entreprise & Association","robots":{"index":"index","follow":"follow","max-snippet":"max-snippet:-1","max-image-preview":"max-image-preview:large","max-video-preview":"max-video-preview:-1"},"canonical":"https:\/\/www.kinesiologue-latestedebuch.fr\/index.php\/prestation-en-entreprise-association\/","og_locale":"fr_FR","og_type":"article","og_title":"VIRGINIE JEANNIERE, KINESIOLOGUE DEPUIS 2019, LA TESTE DE BUCH - JE VOUS ACCOMPAGNE \u00c0 SURMONTER VOS TROUBLES ANXIEUX ET CRISES D&#039;ANGOISSE EN 3 MOIS. - Prestation en Entreprise & Association","og_description":"PR\u00c9VENTION STRESS, FATIGUE CHRONIQUE &amp; BURN-OUT GESTION DES \u00c9MOTIONS BRAIN GYM ACCOMPAGNEMENT MANAGER SOUTIEN \u00c9QUIPE RH CONTACTEZ-MOI POUR M&rsquo;EXPOSER LES BESOINS DE VOTRE ENTREPRISE OU ASSOCIATION, AFIN D&rsquo;\u00c9TABLIR UN DEVIS.","og_url":"https:\/\/www.kinesiologue-latestedebuch.fr\/index.php\/prestation-en-entreprise-association\/","og_site_name":"VIRGINIE JEANNIERE, KINESIOLOGUE DEPUIS 2019, LA TESTE DE BUCH","article_publisher":"https:\/\/www.facebook.com\/virginiejeannierekinesiologue","article_modified_time":"2025-01-10T18:57:25+00:00","og_image":[{"url":"http:\/\/www.kinesiologue-anglet.fr\/wp-content\/uploads\/2020\/06\/virginie-jeanniere-intervention-entreprise-5-nb-1024x768.jpg","type":"","width":"","height":""}],"twitter_card":"summary_large_image","twitter_misc":{"Dur\u00e9e de lecture estim\u00e9e":"1 minute"},"schema":{"@context":"https:\/\/schema.org","@graph":[{"@type":"WebPage","@id":"https:\/\/www.kinesiologue-latestedebuch.fr\/index.php\/prestation-en-entreprise-association\/","url":"https:\/\/www.kinesiologue-latestedebuch.fr\/index.php\/prestation-en-entreprise-association\/","name":"VIRGINIE JEANNIERE, KINESIOLOGUE DEPUIS 2019, LA TESTE DE BUCH - JE VOUS ACCOMPAGNE \u00c0 SURMONTER VOS TROUBLES ANXIEUX ET CRISES D&#039;ANGOISSE EN 3 MOIS. - Prestation en Entreprise & Association","isPartOf":{"@id":"https:\/\/www.kinesiologue-latestedebuch.fr\/#website"},"primaryImageOfPage":{"@id":"https:\/\/www.kinesiologue-latestedebuch.fr\/index.php\/prestation-en-entreprise-association\/#primaryimage"},"image":{"@id":"https:\/\/www.kinesiologue-latestedebuch.fr\/index.php\/prestation-en-entreprise-association\/#primaryimage"},"thumbnailUrl":"http:\/\/www.kinesiologue-anglet.fr\/wp-content\/uploads\/2020\/06\/virginie-jeanniere-intervention-entreprise-5-nb-1024x768.jpg","datePublished":"2020-06-22T13:55:52+00:00","dateModified":"2025-01-10T18:57:25+00:00","breadcrumb":{"@id":"https:\/\/www.kinesiologue-latestedebuch.fr\/index.php\/prestation-en-entreprise-association\/#breadcrumb"},"inLanguage":"fr-FR","potentialAction":[{"@type":"ReadAction","target":["https:\/\/www.kinesiologue-latestedebuch.fr\/index.php\/prestation-en-entreprise-association\/"]}]},{"@type":"ImageObject","inLanguage":"fr-FR","@id":"https:\/\/www.kinesiologue-latestedebuch.fr\/index.php\/prestation-en-entreprise-association\/#primaryimage","url":"http:\/\/www.kinesiologue-anglet.fr\/wp-content\/uploads\/2020\/06\/virginie-jeanniere-intervention-entreprise-5-nb-1024x768.jpg","contentUrl":"http:\/\/www.kinesiologue-anglet.fr\/wp-content\/uploads\/2020\/06\/virginie-jeanniere-intervention-entreprise-5-nb-1024x768.jpg"},{"@type":"BreadcrumbList","@id":"https:\/\/www.kinesiologue-latestedebuch.fr\/index.php\/prestation-en-entreprise-association\/#breadcrumb","itemListElement":[{"@type":"ListItem","position":1,"name":"Accueil","item":"https:\/\/www.kinesiologue-latestedebuch.fr\/"},{"@type":"ListItem","position":2,"name":"Prestation en Entreprise &#038; Association"}]},{"@type":"WebSite","@id":"https:\/\/www.kinesiologue-latestedebuch.fr\/#website","url":"https:\/\/www.kinesiologue-latestedebuch.fr\/","name":"KINESIOLOGUE LA TESTE DE BUCH","description":"JE VOUS ACCOMPAGNE \u00c0 SURMONTER VOS TROUBLES ANXIEUX ET CRISES D&#039;ANGOISSE EN 3 MOIS.","potentialAction":[{"@type":"SearchAction","target":{"@type":"EntryPoint","urlTemplate":"https:\/\/www.kinesiologue-latestedebuch.fr\/?s={search_term_string}"},"query-input":{"@type":"PropertyValueSpecification","valueRequired":true,"valueName":"search_term_string"}}],"inLanguage":"fr-FR"}]}},"jetpack_sharing_enabled":true,"_links":{"self":[{"href":"https:\/\/www.kinesiologue-latestedebuch.fr\/index.php\/wp-json\/wp\/v2\/pages\/295","targetHints":{"allow":["GET"]}}],"collection":[{"href":"https:\/\/www.kinesiologue-latestedebuch.fr\/index.php\/wp-json\/wp\/v2\/pages"}],"about":[{"href":"https:\/\/www.kinesiologue-latestedebuch.fr\/index.php\/wp-json\/wp\/v2\/types\/page"}],"author":[{"embeddable":true,"href":"https:\/\/www.kinesiologue-latestedebuch.fr\/index.php\/wp-json\/wp\/v2\/users\/1"}],"replies":[{"embeddable":true,"href":"https:\/\/www.kinesiologue-latestedebuch.fr\/index.php\/wp-json\/wp\/v2\/comments?post=295"}],"version-history":[{"count":8,"href":"https:\/\/www.kinesiologue-latestedebuch.fr\/index.php\/wp-json\/wp\/v2\/pages\/295\/revisions"}],"predecessor-version":[{"id":751,"href":"https:\/\/www.kinesiologue-latestedebuch.fr\/index.php\/wp-json\/wp\/v2\/pages\/295\/revisions\/751"}],"wp:attachment":[{"href":"https:\/\/www.kinesiologue-latestedebuch.fr\/index.php\/wp-json\/wp\/v2\/media?parent=295"}],"curies":[{"name":"wp","href":"https:\/\/api.w.org\/{rel}","templated":true}]}}