{"id":697,"date":"2025-01-10T19:12:19","date_gmt":"2025-01-10T18:12:19","guid":{"rendered":"https:\/\/www.kinesiologue-latestedebuch.fr\/?page_id=697"},"modified":"2025-07-16T15:27:23","modified_gmt":"2025-07-16T13:27:23","slug":"mon-accompagnement-specifique","status":"publish","type":"page","link":"https:\/\/www.kinesiologue-latestedebuch.fr\/index.php\/mon-accompagnement-specifique\/","title":{"rendered":"Mon accompagnement sp\u00e9cifique"},"content":{"rendered":"\t\t<div data-elementor-type=\"wp-page\" data-elementor-id=\"697\" class=\"elementor elementor-697\">\n\t\t\t\t<div class=\"elementor-element elementor-element-6752457 e-flex e-con-boxed e-con e-parent\" data-id=\"6752457\" data-element_type=\"container\">\n\t\t\t\t\t<div class=\"e-con-inner\">\n\t\t\t\t<div class=\"elementor-element elementor-element-a96902b elementor-widget elementor-widget-text-editor\" data-id=\"a96902b\" data-element_type=\"widget\" data-widget_type=\"text-editor.default\">\n\t\t\t\t<div class=\"elementor-widget-container\">\n\t\t\t\t\t\t\t\t\t<div class=\"wp-block-group\">\u00a0<\/div>\n<p><!-- \/wp:group --><!-- wp:cover {\"url\":\"http:\/\/www.kinesiologue-latestedebuch.fr\/wp-content\/uploads\/2025\/01\/virginie-jeanniere-kinesiologue-depuis-2019-la-teste-de-buch-formatrice.webp\",\"id\":732,\"dimRatio\":50,\"customOverlayColor\":\"#cbcacb\",\"isUserOverlayColor\":false,\"focalPoint\":{\"x\":0.23,\"y\":0.45},\"minHeight\":388,\"minHeightUnit\":\"px\",\"contentPosition\":\"center center\",\"isDark\":false,\"layout\":{\"type\":\"constrained\"}} --><\/p>\n<div class=\"wp-block-cover is-light\" style=\"min-height: 388px;\">\n<p><img fetchpriority=\"high\" decoding=\"async\" width=\"1080\" height=\"504\" data-recalc-dims=\"1\" class=\"wp-block-cover__image-background wp-image-732\" style=\"object-position: 23% 45%;\" src=\"https:\/\/i0.wp.com\/www.kinesiologue-latestedebuch.fr\/wp-content\/uploads\/2025\/01\/virginie-jeanniere-kinesiologue-depuis-2019-la-teste-de-buch-formatrice.webp?w=770\" alt=\"\" data-object-fit=\"cover\" data-object-position=\"23% 45%\" srcset=\"https:\/\/i0.wp.com\/www.kinesiologue-latestedebuch.fr\/wp-content\/uploads\/2025\/01\/virginie-jeanniere-kinesiologue-depuis-2019-la-teste-de-buch-formatrice.webp?w=1080&amp;ssl=1 1080w, https:\/\/i0.wp.com\/www.kinesiologue-latestedebuch.fr\/wp-content\/uploads\/2025\/01\/virginie-jeanniere-kinesiologue-depuis-2019-la-teste-de-buch-formatrice.webp?resize=300%2C140&amp;ssl=1 300w, https:\/\/i0.wp.com\/www.kinesiologue-latestedebuch.fr\/wp-content\/uploads\/2025\/01\/virginie-jeanniere-kinesiologue-depuis-2019-la-teste-de-buch-formatrice.webp?resize=1024%2C478&amp;ssl=1 1024w, https:\/\/i0.wp.com\/www.kinesiologue-latestedebuch.fr\/wp-content\/uploads\/2025\/01\/virginie-jeanniere-kinesiologue-depuis-2019-la-teste-de-buch-formatrice.webp?resize=768%2C358&amp;ssl=1 768w, https:\/\/i0.wp.com\/www.kinesiologue-latestedebuch.fr\/wp-content\/uploads\/2025\/01\/virginie-jeanniere-kinesiologue-depuis-2019-la-teste-de-buch-formatrice.webp?resize=175%2C82&amp;ssl=1 175w, https:\/\/i0.wp.com\/www.kinesiologue-latestedebuch.fr\/wp-content\/uploads\/2025\/01\/virginie-jeanniere-kinesiologue-depuis-2019-la-teste-de-buch-formatrice.webp?resize=450%2C210&amp;ssl=1 450w, https:\/\/i0.wp.com\/www.kinesiologue-latestedebuch.fr\/wp-content\/uploads\/2025\/01\/virginie-jeanniere-kinesiologue-depuis-2019-la-teste-de-buch-formatrice.webp?resize=600%2C280&amp;ssl=1 600w\" sizes=\"(max-width: 770px) 100vw, 770px\" \/><\/p>\n<div class=\"wp-block-cover__inner-container\">\n<p><!-- wp:heading {\"textAlign\":\"right\",\"level\":1,\"style\":{\"elements\":{\"link\":{\"color\":{\"text\":\"var:preset|color|white\"}}}},\"textColor\":\"white\",\"fontSize\":\"larger\"} --><\/p>\n<h1 class=\"wp-block-heading has-text-align-right has-white-color has-text-color has-link-color has-larger-font-size\">Je vous aide \u00e0 am\u00e9liorer votre sommeil, et apaiser le stress et l&rsquo;anxi\u00e9t\u00e9.<\/h1>\n<p><!-- \/wp:heading --><!-- wp:paragraph {\"align\":\"right\"} --><\/p>\n<p class=\"has-text-align-right\">De mani\u00e8re naturelle, en quelques s\u00e9ances!<\/p>\n<p><!-- \/wp:paragraph --><\/p>\n<\/div>\n<\/div>\n<p><!-- \/wp:cover --><!-- wp:group {\"layout\":{\"type\":\"constrained\"}} --><\/p>\n<div class=\"wp-block-group\">\n<p><!-- wp:paragraph {\"align\":\"right\"} --><\/p>\n<p class=\"has-text-align-right\">Je suis Virginie Jeanni\u00e8re, Kin\u00e9siologue certifi\u00e9e, en exercise depuis 2019.<\/p>\n<p><!-- \/wp:paragraph --><\/p>\n<\/div>\n<p><!-- \/wp:group --><!-- wp:separator --><\/p>\n<hr class=\"wp-block-separator has-alpha-channel-opacity\" \/>\n<p><!-- \/wp:separator --><!-- wp:heading --><\/p>\n<h2 class=\"wp-block-heading\">Surmonter les troubles du sommeil et les difficult\u00e9s d&rsquo;endormissement chez les enfants et les adultes.<\/h2>\n<p><!-- \/wp:heading --><!-- wp:jetpack\/tiled-gallery {\"columns\":0,\"columnWidths\":[[\"57.11996\",\"42.88004\"]],\"ids\":[698,709],\"roundedCorners\":12} --><\/p>\n<div class=\"wp-block-jetpack-tiled-gallery aligncenter is-style-rectangular\">\n<div class=\"has-rounded-corners-12\">\n<div class=\"tiled-gallery__gallery\">\n<div class=\"tiled-gallery__row\">\n<div class=\"tiled-gallery__col\" style=\"flex-basis: 57.11996%;\">\n<figure class=\"tiled-gallery__item\"><img decoding=\"async\" class=\"alignnone lazyload\" tabindex=\"0\" role=\"button\" data-src=\"https:\/\/i2.wp.com\/www.kinesiologue-latestedebuch.fr\/wp-content\/uploads\/2025\/01\/visage-femme-avec-cernes-sous-les-yeux-fatiguee-mal-dormi.png\" alt=\"visage femme fatigu\u00e9e\" width=\"1024\" height=\"768\" data-height=\"768\" data-id=\"698\" data-link=\"https:\/\/www.kinesiologue-latestedebuch.fr\/?attachment_id=698\" data-url=\"http:\/\/www.kinesiologue-latestedebuch.fr\/wp-content\/uploads\/2025\/01\/visage-femme-avec-cernes-sous-les-yeux-fatiguee-mal-dormi.png\" data-width=\"1024\" data-amp-layout=\"responsive\" aria-label=\"Ouvrir l\u2019image 1 sur 2 en plein \u00e9cran\" src=\"data:image\/svg+xml;base64,PHN2ZyB3aWR0aD0iMSIgaGVpZ2h0PSIxIiB4bWxucz0iaHR0cDovL3d3dy53My5vcmcvMjAwMC9zdmciPjwvc3ZnPg==\" style=\"--smush-placeholder-width: 1024px; --smush-placeholder-aspect-ratio: 1024\/768;\" \/><\/figure>\n<\/div>\n<div class=\"tiled-gallery__col\" style=\"flex-basis: 42.88004%;\">\n<figure class=\"tiled-gallery__item\"><img decoding=\"async\" class=\"alignnone lazyload\" tabindex=\"0\" role=\"button\" data-src=\"https:\/\/i1.wp.com\/www.kinesiologue-latestedebuch.fr\/wp-content\/uploads\/2025\/01\/enfant-endort-seul-reveils-dormir-reveille-nuit-peur-nocturne.webp?ssl=1\" alt=\"enfant dans son lit r\u00e9veill\u00e9, appelant son parent\" width=\"1024\" height=\"1024\" data-height=\"1024\" data-id=\"709\" data-link=\"https:\/\/www.kinesiologue-latestedebuch.fr\/?attachment_id=709\" data-url=\"https:\/\/www.kinesiologue-latestedebuch.fr\/wp-content\/uploads\/2025\/01\/enfant-endort-seul-reveils-dormir-reveille-nuit-peur-nocturne.webp\" data-width=\"1024\" data-amp-layout=\"responsive\" aria-label=\"Ouvrir l\u2019image 2 sur 2 en plein \u00e9cran\" src=\"data:image\/svg+xml;base64,PHN2ZyB3aWR0aD0iMSIgaGVpZ2h0PSIxIiB4bWxucz0iaHR0cDovL3d3dy53My5vcmcvMjAwMC9zdmciPjwvc3ZnPg==\" style=\"--smush-placeholder-width: 1024px; --smush-placeholder-aspect-ratio: 1024\/1024;\" \/><\/figure>\n<\/div>\n<\/div>\n<\/div>\n<\/div>\n<\/div>\n<p><!-- \/wp:jetpack\/tiled-gallery --><!-- wp:paragraph --><\/p>\n<p>Insomnies, R\u00e9veils nocturnes, Endormissement retard\u00e9, peurs de la nuit &#8211; du noir, sommeil non r\u00e9parateur\u2026 Retrouvez le repos et l&rsquo;apaisement en quelques s\u00e9ances!<\/p>\n<p><!-- \/wp:paragraph --><!-- wp:buttons --><\/p>\n<div class=\"wp-block-buttons\">\n<p><!-- wp:button --><\/p>\n<div class=\"wp-block-button\"><a class=\"wp-block-button__link wp-element-button\" href=\"http:\/\/resalib.fr\/p\/25420\">PRENDRE RENDEZ-VOUS<\/a><\/div>\n<p><!-- \/wp:button --><\/p>\n<\/div>\n<p><!-- \/wp:buttons --><!-- wp:separator --><\/p>\n<hr class=\"wp-block-separator has-alpha-channel-opacity\" \/>\n<p><!-- \/wp:separator --><!-- wp:heading --><\/p>\n<h2 class=\"wp-block-heading\">J&rsquo;accompagne votre enfant pour faciliter ses capacit\u00e9s scolaires et \u00e0 l&rsquo;\u00e9quilibre de ses \u00e9motions.<\/h2>\n<p><!-- \/wp:heading --><!-- wp:jetpack\/tiled-gallery {\"columns\":2,\"columnWidths\":[[\"60.20310\",\"39.79690\"]],\"ids\":[723,724],\"roundedCorners\":9} --><\/p>\n<div class=\"wp-block-jetpack-tiled-gallery aligncenter is-style-rectangular\">\n<div class=\"has-rounded-corners-9\">\n<div class=\"tiled-gallery__gallery\">\n<div class=\"tiled-gallery__row\">\n<div class=\"tiled-gallery__col\" style=\"flex-basis: 60.20310%;\">\n<figure class=\"tiled-gallery__item\"><img decoding=\"async\" class=\"alignnone lazyload\" tabindex=\"0\" role=\"button\" data-src=\"https:\/\/i0.wp.com\/www.kinesiologue-latestedebuch.fr\/wp-content\/uploads\/2025\/01\/enfant-couche-sur-la-table-pour-ecrire_reflexes-primitif-archaique-virginie-jeanniere-kinesiologue-2-1024x643.webp?ssl=1\" alt=\"enfant qui ecrit sur un cahier, la t\u00eate couch\u00e9e sur son bras\n\" width=\"1024\" height=\"643\" data-height=\"800\" data-id=\"723\" data-link=\"https:\/\/www.kinesiologue-latestedebuch.fr\/?attachment_id=723\" data-url=\"https:\/\/www.kinesiologue-latestedebuch.fr\/wp-content\/uploads\/2025\/01\/enfant-couche-sur-la-table-pour-ecrire_reflexes-primitif-archaique-virginie-jeanniere-kinesiologue-2-1024x643.webp\" data-width=\"1274\" data-amp-layout=\"responsive\" aria-label=\"Ouvrir l\u2019image 1 sur 2 en plein \u00e9cran\" src=\"data:image\/svg+xml;base64,PHN2ZyB3aWR0aD0iMSIgaGVpZ2h0PSIxIiB4bWxucz0iaHR0cDovL3d3dy53My5vcmcvMjAwMC9zdmciPjwvc3ZnPg==\" style=\"--smush-placeholder-width: 1024px; --smush-placeholder-aspect-ratio: 1024\/643;\" \/><\/figure>\n<\/div>\n<div class=\"tiled-gallery__col\" style=\"flex-basis: 39.79690%;\">\n<figure class=\"tiled-gallery__item\"><img decoding=\"async\" class=\"alignnone lazyload\" tabindex=\"0\" role=\"button\" data-src=\"https:\/\/i1.wp.com\/www.kinesiologue-latestedebuch.fr\/wp-content\/uploads\/2025\/01\/enfant-mal-assis-chaise-reflexe-primitif-archaique-virginie-jeanniere-kinesiologue-3-1.webp?ssl=1\" alt=\"fillette \u00e0 genoux sur sa chaise pour \u00e9crire sur le cahier\" width=\"300\" height=\"286\" data-height=\"286\" data-id=\"724\" data-link=\"https:\/\/www.kinesiologue-latestedebuch.fr\/?attachment_id=724\" data-url=\"https:\/\/www.kinesiologue-latestedebuch.fr\/wp-content\/uploads\/2025\/01\/enfant-mal-assis-chaise-reflexe-primitif-archaique-virginie-jeanniere-kinesiologue-3-1.webp\" data-width=\"300\" data-amp-layout=\"responsive\" aria-label=\"Ouvrir l\u2019image 2 sur 2 en plein \u00e9cran\" src=\"data:image\/svg+xml;base64,PHN2ZyB3aWR0aD0iMSIgaGVpZ2h0PSIxIiB4bWxucz0iaHR0cDovL3d3dy53My5vcmcvMjAwMC9zdmciPjwvc3ZnPg==\" style=\"--smush-placeholder-width: 300px; --smush-placeholder-aspect-ratio: 300\/286;\" \/><\/figure>\n<\/div>\n<\/div>\n<\/div>\n<\/div>\n<\/div>\n<p><!-- \/wp:jetpack\/tiled-gallery --><!-- wp:jetpack\/tiled-gallery {\"columns\":3,\"columnWidths\":[[\"66.94707\",\"33.05293\"]],\"ids\":[725,726,727],\"roundedCorners\":9} --><\/p>\n<div class=\"wp-block-jetpack-tiled-gallery aligncenter is-style-rectangular\">\n<div class=\"has-rounded-corners-9\">\n<div class=\"tiled-gallery__gallery\">\n<div class=\"tiled-gallery__row\">\n<div class=\"tiled-gallery__col\" style=\"flex-basis: 66.94707%;\">\n<figure class=\"tiled-gallery__item\"><img decoding=\"async\" class=\"alignnone lazyload\" tabindex=\"0\" role=\"button\" data-src=\"https:\/\/i0.wp.com\/www.kinesiologue-latestedebuch.fr\/wp-content\/uploads\/2025\/01\/enfant-en-colere.png\" alt=\"enfant en col\u00e8re, qui crie\" width=\"1024\" height=\"768\" data-height=\"768\" data-id=\"725\" data-link=\"https:\/\/www.kinesiologue-latestedebuch.fr\/?attachment_id=725\" data-url=\"http:\/\/www.kinesiologue-latestedebuch.fr\/wp-content\/uploads\/2025\/01\/enfant-en-colere.png\" data-width=\"1024\" data-amp-layout=\"responsive\" aria-label=\"Ouvrir l\u2019image 1 sur 3 en plein \u00e9cran\" src=\"data:image\/svg+xml;base64,PHN2ZyB3aWR0aD0iMSIgaGVpZ2h0PSIxIiB4bWxucz0iaHR0cDovL3d3dy53My5vcmcvMjAwMC9zdmciPjwvc3ZnPg==\" style=\"--smush-placeholder-width: 1024px; --smush-placeholder-aspect-ratio: 1024\/768;\" \/><\/figure>\n<\/div>\n<div class=\"tiled-gallery__col\" style=\"flex-basis: 33.05293%;\">\n<figure class=\"tiled-gallery__item\"><img decoding=\"async\" class=\"alignnone lazyload\" tabindex=\"0\" role=\"button\" data-src=\"https:\/\/i0.wp.com\/www.kinesiologue-latestedebuch.fr\/wp-content\/uploads\/2025\/01\/fille-triste.png\" alt=\"visage d'enfant triste, d\u00e9prim\u00e9\" width=\"1024\" height=\"768\" data-height=\"768\" data-id=\"726\" data-link=\"https:\/\/www.kinesiologue-latestedebuch.fr\/?attachment_id=726\" data-url=\"http:\/\/www.kinesiologue-latestedebuch.fr\/wp-content\/uploads\/2025\/01\/fille-triste.png\" data-width=\"1024\" data-amp-layout=\"responsive\" aria-label=\"Ouvrir l\u2019image 2 sur 3 en plein \u00e9cran\" src=\"data:image\/svg+xml;base64,PHN2ZyB3aWR0aD0iMSIgaGVpZ2h0PSIxIiB4bWxucz0iaHR0cDovL3d3dy53My5vcmcvMjAwMC9zdmciPjwvc3ZnPg==\" style=\"--smush-placeholder-width: 1024px; --smush-placeholder-aspect-ratio: 1024\/768;\" \/><\/figure>\n<figure class=\"tiled-gallery__item\"><img decoding=\"async\" class=\"alignnone lazyload\" tabindex=\"0\" role=\"button\" data-src=\"https:\/\/i2.wp.com\/www.kinesiologue-latestedebuch.fr\/wp-content\/uploads\/2025\/01\/enfant-qui-a-peur.png\" alt=\"visage d'enfant qui a peur, inquiet\" width=\"1024\" height=\"768\" data-height=\"768\" data-id=\"727\" data-link=\"https:\/\/www.kinesiologue-latestedebuch.fr\/?attachment_id=727\" data-url=\"http:\/\/www.kinesiologue-latestedebuch.fr\/wp-content\/uploads\/2025\/01\/enfant-qui-a-peur.png\" data-width=\"1024\" data-amp-layout=\"responsive\" aria-label=\"Ouvrir l\u2019image 3 sur 3 en plein \u00e9cran\" src=\"data:image\/svg+xml;base64,PHN2ZyB3aWR0aD0iMSIgaGVpZ2h0PSIxIiB4bWxucz0iaHR0cDovL3d3dy53My5vcmcvMjAwMC9zdmciPjwvc3ZnPg==\" style=\"--smush-placeholder-width: 1024px; --smush-placeholder-aspect-ratio: 1024\/768;\" \/><\/figure>\n<\/div>\n<\/div>\n<\/div>\n<\/div>\n<\/div>\n<p><!-- \/wp:jetpack\/tiled-gallery --><!-- wp:buttons --><\/p>\n<div class=\"wp-block-buttons\">\n<p><!-- wp:button --><\/p>\n<div class=\"wp-block-button\"><a class=\"wp-block-button__link wp-element-button\" href=\"http:\/\/resalib.fr\/p\/25420\">PRENDRE RENDEZ-VOUS<\/a><\/div>\n<p><!-- \/wp:button --><\/p>\n<\/div>\n<p><!-- \/wp:buttons --><!-- wp:paragraph --><\/p>\n<p><!-- \/wp:paragraph --><!-- wp:separator --><\/p>\n<hr class=\"wp-block-separator has-alpha-channel-opacity\" \/>\n<p><!-- \/wp:separator --><!-- wp:paragraph --><\/p>\n<p>Les s\u00e9ances peuvent \u00e9galement vous \u00eatre b\u00e9n\u00e9fiques pour de divers autres cas:<\/p>\n<p><!-- \/wp:paragraph --><!-- wp:buttons {\"layout\":{\"type\":\"flex\",\"justifyContent\":\"center\"}} --><\/p>\n<div class=\"wp-block-buttons\">\n<p><!-- wp:button {\"textAlign\":\"center\",\"className\":\"is-style-outline\"} --><\/p>\n<div class=\"wp-block-button is-style-outline\"><a class=\"wp-block-button__link has-text-align-center wp-element-button\" href=\"https:\/\/www.kinesiologue-latestedebuch.fr\/index.php\/pour-qui-pour-quoi\/\">en savoir plus<\/a><\/div>\n<p><!-- \/wp:button --><\/p>\n<\/div>\n<p><!-- \/wp:buttons --><!-- wp:paragraph --><\/p>\n<p><!-- \/wp:paragraph --><\/p>\t\t\t\t\t\t\t\t<\/div>\n\t\t\t\t<\/div>\n\t\t\t\t\t<\/div>\n\t\t\t\t<\/div>\n\t\t\t\t<\/div>\n\t\t","protected":false},"excerpt":{"rendered":"<p>\u00a0 Je vous aide \u00e0 am\u00e9liorer votre sommeil, et apaiser le stress et l&rsquo;anxi\u00e9t\u00e9. De mani\u00e8re naturelle, en quelques s\u00e9ances! Je suis Virginie Jeanni\u00e8re, Kin\u00e9siologue certifi\u00e9e, en exercise depuis 2019. Surmonter les troubles du sommeil et les difficult\u00e9s d&rsquo;endormissement chez les enfants et les adultes. Insomnies, R\u00e9veils nocturnes, Endormissement retard\u00e9, peurs de la nuit &#8211;<\/p>\n","protected":false},"author":1,"featured_media":0,"parent":0,"menu_order":0,"comment_status":"closed","ping_status":"closed","template":"","meta":{"footnotes":""},"class_list":["post-697","page","type-page","status-publish"],"yoast_head":"<!-- This site is optimized with the Yoast SEO plugin v27.4 - https:\/\/yoast.com\/product\/yoast-seo-wordpress\/ -->\n<title>VIRGINIE JEANNIERE, KINESIOLOGUE DEPUIS 2019, LA TESTE DE BUCH - JE VOUS ACCOMPAGNE \u00c0 SURMONTER VOS TROUBLES ANXIEUX ET CRISES D&#039;ANGOISSE EN 3 MOIS. - Mon accompagnement sp\u00e9cifique<\/title>\n<meta name=\"robots\" content=\"index, follow, max-snippet:-1, max-image-preview:large, max-video-preview:-1\" \/>\n<link rel=\"canonical\" href=\"https:\/\/www.kinesiologue-latestedebuch.fr\/index.php\/mon-accompagnement-specifique\/\" \/>\n<meta property=\"og:locale\" content=\"fr_FR\" \/>\n<meta property=\"og:type\" content=\"article\" \/>\n<meta property=\"og:title\" content=\"VIRGINIE JEANNIERE, KINESIOLOGUE DEPUIS 2019, LA TESTE DE BUCH - JE VOUS ACCOMPAGNE \u00c0 SURMONTER VOS TROUBLES ANXIEUX ET CRISES D&#039;ANGOISSE EN 3 MOIS. - Mon accompagnement sp\u00e9cifique\" \/>\n<meta property=\"og:description\" content=\"\u00a0 Je vous aide \u00e0 am\u00e9liorer votre sommeil, et apaiser le stress et l&rsquo;anxi\u00e9t\u00e9. De mani\u00e8re naturelle, en quelques s\u00e9ances! Je suis Virginie Jeanni\u00e8re, Kin\u00e9siologue certifi\u00e9e, en exercise depuis 2019. Surmonter les troubles du sommeil et les difficult\u00e9s d&rsquo;endormissement chez les enfants et les adultes. Insomnies, R\u00e9veils nocturnes, Endormissement retard\u00e9, peurs de la nuit &#8211;\" \/>\n<meta property=\"og:url\" content=\"https:\/\/www.kinesiologue-latestedebuch.fr\/index.php\/mon-accompagnement-specifique\/\" \/>\n<meta property=\"og:site_name\" content=\"VIRGINIE JEANNIERE, KINESIOLOGUE DEPUIS 2019, LA TESTE DE BUCH\" \/>\n<meta property=\"article:publisher\" content=\"https:\/\/www.facebook.com\/virginiejeannierekinesiologue\" \/>\n<meta property=\"article:modified_time\" content=\"2025-07-16T13:27:23+00:00\" \/>\n<meta property=\"og:image\" content=\"http:\/\/www.kinesiologue-latestedebuch.fr\/wp-content\/uploads\/2025\/01\/virginie-jeanniere-kinesiologue-depuis-2019-la-teste-de-buch-formatrice.webp\" \/>\n<meta name=\"twitter:card\" content=\"summary_large_image\" \/>\n<meta name=\"twitter:label1\" content=\"Dur\u00e9e de lecture estim\u00e9e\" \/>\n\t<meta name=\"twitter:data1\" content=\"3 minutes\" \/>\n<script type=\"application\/ld+json\" class=\"yoast-schema-graph\">{\"@context\":\"https:\\\/\\\/schema.org\",\"@graph\":[{\"@type\":\"WebPage\",\"@id\":\"https:\\\/\\\/www.kinesiologue-latestedebuch.fr\\\/index.php\\\/mon-accompagnement-specifique\\\/\",\"url\":\"https:\\\/\\\/www.kinesiologue-latestedebuch.fr\\\/index.php\\\/mon-accompagnement-specifique\\\/\",\"name\":\"VIRGINIE JEANNIERE, KINESIOLOGUE DEPUIS 2019, LA TESTE DE BUCH - JE VOUS ACCOMPAGNE \u00c0 SURMONTER VOS TROUBLES ANXIEUX ET CRISES D&#039;ANGOISSE EN 3 MOIS. - Mon accompagnement sp\u00e9cifique\",\"isPartOf\":{\"@id\":\"https:\\\/\\\/www.kinesiologue-latestedebuch.fr\\\/#website\"},\"primaryImageOfPage\":{\"@id\":\"https:\\\/\\\/www.kinesiologue-latestedebuch.fr\\\/index.php\\\/mon-accompagnement-specifique\\\/#primaryimage\"},\"image\":{\"@id\":\"https:\\\/\\\/www.kinesiologue-latestedebuch.fr\\\/index.php\\\/mon-accompagnement-specifique\\\/#primaryimage\"},\"thumbnailUrl\":\"http:\\\/\\\/www.kinesiologue-latestedebuch.fr\\\/wp-content\\\/uploads\\\/2025\\\/01\\\/virginie-jeanniere-kinesiologue-depuis-2019-la-teste-de-buch-formatrice.webp\",\"datePublished\":\"2025-01-10T18:12:19+00:00\",\"dateModified\":\"2025-07-16T13:27:23+00:00\",\"breadcrumb\":{\"@id\":\"https:\\\/\\\/www.kinesiologue-latestedebuch.fr\\\/index.php\\\/mon-accompagnement-specifique\\\/#breadcrumb\"},\"inLanguage\":\"fr-FR\",\"potentialAction\":[{\"@type\":\"ReadAction\",\"target\":[\"https:\\\/\\\/www.kinesiologue-latestedebuch.fr\\\/index.php\\\/mon-accompagnement-specifique\\\/\"]}]},{\"@type\":\"ImageObject\",\"inLanguage\":\"fr-FR\",\"@id\":\"https:\\\/\\\/www.kinesiologue-latestedebuch.fr\\\/index.php\\\/mon-accompagnement-specifique\\\/#primaryimage\",\"url\":\"https:\\\/\\\/i0.wp.com\\\/www.kinesiologue-latestedebuch.fr\\\/wp-content\\\/uploads\\\/2025\\\/01\\\/virginie-jeanniere-kinesiologue-depuis-2019-la-teste-de-buch-formatrice.webp?fit=1080%2C504&ssl=1\",\"contentUrl\":\"https:\\\/\\\/i0.wp.com\\\/www.kinesiologue-latestedebuch.fr\\\/wp-content\\\/uploads\\\/2025\\\/01\\\/virginie-jeanniere-kinesiologue-depuis-2019-la-teste-de-buch-formatrice.webp?fit=1080%2C504&ssl=1\",\"width\":1080,\"height\":504},{\"@type\":\"BreadcrumbList\",\"@id\":\"https:\\\/\\\/www.kinesiologue-latestedebuch.fr\\\/index.php\\\/mon-accompagnement-specifique\\\/#breadcrumb\",\"itemListElement\":[{\"@type\":\"ListItem\",\"position\":1,\"name\":\"Accueil\",\"item\":\"https:\\\/\\\/www.kinesiologue-latestedebuch.fr\\\/\"},{\"@type\":\"ListItem\",\"position\":2,\"name\":\"Mon accompagnement sp\u00e9cifique\"}]},{\"@type\":\"WebSite\",\"@id\":\"https:\\\/\\\/www.kinesiologue-latestedebuch.fr\\\/#website\",\"url\":\"https:\\\/\\\/www.kinesiologue-latestedebuch.fr\\\/\",\"name\":\"KINESIOLOGUE LA TESTE DE BUCH\",\"description\":\"JE VOUS ACCOMPAGNE \u00c0 SURMONTER VOS TROUBLES ANXIEUX ET CRISES D&#039;ANGOISSE EN 3 MOIS.\",\"potentialAction\":[{\"@type\":\"SearchAction\",\"target\":{\"@type\":\"EntryPoint\",\"urlTemplate\":\"https:\\\/\\\/www.kinesiologue-latestedebuch.fr\\\/?s={search_term_string}\"},\"query-input\":{\"@type\":\"PropertyValueSpecification\",\"valueRequired\":true,\"valueName\":\"search_term_string\"}}],\"inLanguage\":\"fr-FR\"}]}<\/script>\n<!-- \/ Yoast SEO plugin. -->","yoast_head_json":{"title":"VIRGINIE JEANNIERE, KINESIOLOGUE DEPUIS 2019, LA TESTE DE BUCH - JE VOUS ACCOMPAGNE \u00c0 SURMONTER VOS TROUBLES ANXIEUX ET CRISES D&#039;ANGOISSE EN 3 MOIS. - Mon accompagnement sp\u00e9cifique","robots":{"index":"index","follow":"follow","max-snippet":"max-snippet:-1","max-image-preview":"max-image-preview:large","max-video-preview":"max-video-preview:-1"},"canonical":"https:\/\/www.kinesiologue-latestedebuch.fr\/index.php\/mon-accompagnement-specifique\/","og_locale":"fr_FR","og_type":"article","og_title":"VIRGINIE JEANNIERE, KINESIOLOGUE DEPUIS 2019, LA TESTE DE BUCH - JE VOUS ACCOMPAGNE \u00c0 SURMONTER VOS TROUBLES ANXIEUX ET CRISES D&#039;ANGOISSE EN 3 MOIS. - Mon accompagnement sp\u00e9cifique","og_description":"\u00a0 Je vous aide \u00e0 am\u00e9liorer votre sommeil, et apaiser le stress et l&rsquo;anxi\u00e9t\u00e9. De mani\u00e8re naturelle, en quelques s\u00e9ances! Je suis Virginie Jeanni\u00e8re, Kin\u00e9siologue certifi\u00e9e, en exercise depuis 2019. Surmonter les troubles du sommeil et les difficult\u00e9s d&rsquo;endormissement chez les enfants et les adultes. Insomnies, R\u00e9veils nocturnes, Endormissement retard\u00e9, peurs de la nuit &#8211;","og_url":"https:\/\/www.kinesiologue-latestedebuch.fr\/index.php\/mon-accompagnement-specifique\/","og_site_name":"VIRGINIE JEANNIERE, KINESIOLOGUE DEPUIS 2019, LA TESTE DE BUCH","article_publisher":"https:\/\/www.facebook.com\/virginiejeannierekinesiologue","article_modified_time":"2025-07-16T13:27:23+00:00","og_image":[{"url":"http:\/\/www.kinesiologue-latestedebuch.fr\/wp-content\/uploads\/2025\/01\/virginie-jeanniere-kinesiologue-depuis-2019-la-teste-de-buch-formatrice.webp","type":"","width":"","height":""}],"twitter_card":"summary_large_image","twitter_misc":{"Dur\u00e9e de lecture estim\u00e9e":"3 minutes"},"schema":{"@context":"https:\/\/schema.org","@graph":[{"@type":"WebPage","@id":"https:\/\/www.kinesiologue-latestedebuch.fr\/index.php\/mon-accompagnement-specifique\/","url":"https:\/\/www.kinesiologue-latestedebuch.fr\/index.php\/mon-accompagnement-specifique\/","name":"VIRGINIE JEANNIERE, KINESIOLOGUE DEPUIS 2019, LA TESTE DE BUCH - JE VOUS ACCOMPAGNE \u00c0 SURMONTER VOS TROUBLES ANXIEUX ET CRISES D&#039;ANGOISSE EN 3 MOIS. - Mon accompagnement sp\u00e9cifique","isPartOf":{"@id":"https:\/\/www.kinesiologue-latestedebuch.fr\/#website"},"primaryImageOfPage":{"@id":"https:\/\/www.kinesiologue-latestedebuch.fr\/index.php\/mon-accompagnement-specifique\/#primaryimage"},"image":{"@id":"https:\/\/www.kinesiologue-latestedebuch.fr\/index.php\/mon-accompagnement-specifique\/#primaryimage"},"thumbnailUrl":"http:\/\/www.kinesiologue-latestedebuch.fr\/wp-content\/uploads\/2025\/01\/virginie-jeanniere-kinesiologue-depuis-2019-la-teste-de-buch-formatrice.webp","datePublished":"2025-01-10T18:12:19+00:00","dateModified":"2025-07-16T13:27:23+00:00","breadcrumb":{"@id":"https:\/\/www.kinesiologue-latestedebuch.fr\/index.php\/mon-accompagnement-specifique\/#breadcrumb"},"inLanguage":"fr-FR","potentialAction":[{"@type":"ReadAction","target":["https:\/\/www.kinesiologue-latestedebuch.fr\/index.php\/mon-accompagnement-specifique\/"]}]},{"@type":"ImageObject","inLanguage":"fr-FR","@id":"https:\/\/www.kinesiologue-latestedebuch.fr\/index.php\/mon-accompagnement-specifique\/#primaryimage","url":"https:\/\/i0.wp.com\/www.kinesiologue-latestedebuch.fr\/wp-content\/uploads\/2025\/01\/virginie-jeanniere-kinesiologue-depuis-2019-la-teste-de-buch-formatrice.webp?fit=1080%2C504&ssl=1","contentUrl":"https:\/\/i0.wp.com\/www.kinesiologue-latestedebuch.fr\/wp-content\/uploads\/2025\/01\/virginie-jeanniere-kinesiologue-depuis-2019-la-teste-de-buch-formatrice.webp?fit=1080%2C504&ssl=1","width":1080,"height":504},{"@type":"BreadcrumbList","@id":"https:\/\/www.kinesiologue-latestedebuch.fr\/index.php\/mon-accompagnement-specifique\/#breadcrumb","itemListElement":[{"@type":"ListItem","position":1,"name":"Accueil","item":"https:\/\/www.kinesiologue-latestedebuch.fr\/"},{"@type":"ListItem","position":2,"name":"Mon accompagnement sp\u00e9cifique"}]},{"@type":"WebSite","@id":"https:\/\/www.kinesiologue-latestedebuch.fr\/#website","url":"https:\/\/www.kinesiologue-latestedebuch.fr\/","name":"KINESIOLOGUE LA TESTE DE BUCH","description":"JE VOUS ACCOMPAGNE \u00c0 SURMONTER VOS TROUBLES ANXIEUX ET CRISES D&#039;ANGOISSE EN 3 MOIS.","potentialAction":[{"@type":"SearchAction","target":{"@type":"EntryPoint","urlTemplate":"https:\/\/www.kinesiologue-latestedebuch.fr\/?s={search_term_string}"},"query-input":{"@type":"PropertyValueSpecification","valueRequired":true,"valueName":"search_term_string"}}],"inLanguage":"fr-FR"}]}},"jetpack_sharing_enabled":true,"_links":{"self":[{"href":"https:\/\/www.kinesiologue-latestedebuch.fr\/index.php\/wp-json\/wp\/v2\/pages\/697","targetHints":{"allow":["GET"]}}],"collection":[{"href":"https:\/\/www.kinesiologue-latestedebuch.fr\/index.php\/wp-json\/wp\/v2\/pages"}],"about":[{"href":"https:\/\/www.kinesiologue-latestedebuch.fr\/index.php\/wp-json\/wp\/v2\/types\/page"}],"author":[{"embeddable":true,"href":"https:\/\/www.kinesiologue-latestedebuch.fr\/index.php\/wp-json\/wp\/v2\/users\/1"}],"replies":[{"embeddable":true,"href":"https:\/\/www.kinesiologue-latestedebuch.fr\/index.php\/wp-json\/wp\/v2\/comments?post=697"}],"version-history":[{"count":34,"href":"https:\/\/www.kinesiologue-latestedebuch.fr\/index.php\/wp-json\/wp\/v2\/pages\/697\/revisions"}],"predecessor-version":[{"id":942,"href":"https:\/\/www.kinesiologue-latestedebuch.fr\/index.php\/wp-json\/wp\/v2\/pages\/697\/revisions\/942"}],"wp:attachment":[{"href":"https:\/\/www.kinesiologue-latestedebuch.fr\/index.php\/wp-json\/wp\/v2\/media?parent=697"}],"curies":[{"name":"wp","href":"https:\/\/api.w.org\/{rel}","templated":true}]}}