{"id":754,"date":"2025-05-06T16:41:40","date_gmt":"2025-05-06T14:41:40","guid":{"rendered":"https:\/\/www.kinesiologue-latestedebuch.fr\/?page_id=754"},"modified":"2025-05-06T16:41:43","modified_gmt":"2025-05-06T14:41:43","slug":"mes-formations","status":"publish","type":"page","link":"https:\/\/www.kinesiologue-latestedebuch.fr\/index.php\/mes-formations\/","title":{"rendered":"Mes Formations"},"content":{"rendered":"\n<ul class=\"wp-block-list\">\n<li>2017-2019: Formation compl\u00e8te de Kin\u00e9siologie, 600h + rendu de M\u00e9moire,  \u00e0 L&rsquo;Institut Europ\u00e9en de Kinesiologie de Bordeaux<\/li>\n\n\n\n<li>2019: Installation Cabinet lib\u00e9ral \u00e0 Anglet, 64<\/li>\n\n\n\n<li>2020: Formation de formateur pour adulte, ECP Formation de Bordeaux<\/li>\n\n\n\n<li>2021: Formation pour \u00eatre formatrice en Kin\u00e9siologie, 540h,  EKTC France<\/li>\n\n\n\n<li>2021-Aujourdhui: Formatrice au sein de l&rsquo;EKTC, Bordeaux, Anglet, Toulouse, Nantes, La Rochelle,  Limoges<\/li>\n\n\n\n<li>2021: Formation Kin\u00e9siologie Familiale &amp; Transg\u00e9n\u00e9rationnelle, Isabelle Hedou, Biarritz<\/li>\n\n\n\n<li>2022: Formation \u00e0 la psychologie, 35h, Lucie MACARIO, psychologue clinicienne et<br>psychoth\u00e9rapeute<\/li>\n\n\n\n<li>2023: Formation Kin\u00e9siologie Pr\u00e9 &amp; Post natal &#8211; Parentalit\u00e9 &#8211; Maternit\u00e9, 56 h, Richard Renault Auster, Dr en Psychologie comportementale, TCC, PNL, EMDR.<\/li>\n\n\n\n<li>2023 Sept: Installation Cabinet, \u00e0 La Teste de Buch<\/li>\n<\/ul>\n\n\n","protected":false},"excerpt":{"rendered":"2017-2019: Formation compl\u00e8te de Kin\u00e9siologie, 600h + rendu de M\u00e9moire, \u00e0 L'Institut Europ\u00e9en de Kinesiologie de Bordeaux 2019: Installation Cabinet lib\u00e9ral \u00e0 Anglet, 64 2020: Formation de formateur pour adulte, ECP Formation de Bordeaux 2021: Formation pour \u00eatre formatrice en Kin\u00e9siologie, 540h, EKTC France 2021-Aujourdhui: Formatrice au sein de l'EKTC, Bordeaux, Anglet, Toulouse, Nantes, La","protected":false},"author":1,"featured_media":0,"parent":0,"menu_order":0,"comment_status":"closed","ping_status":"closed","template":"","meta":{"footnotes":""},"class_list":["post-754","page","type-page","status-publish"],"yoast_head":"<!-- This site is optimized with the Yoast SEO plugin v27.4 - https:\/\/yoast.com\/product\/yoast-seo-wordpress\/ -->\n<title>VIRGINIE JEANNIERE, KINESIOLOGUE DEPUIS 2019, LA TESTE DE BUCH - JE VOUS ACCOMPAGNE \u00c0 SURMONTER VOS TROUBLES ANXIEUX ET CRISES D&#039;ANGOISSE EN 3 MOIS. - Mes Formations<\/title>\n<meta name=\"robots\" content=\"index, follow, max-snippet:-1, max-image-preview:large, max-video-preview:-1\" \/>\n<link rel=\"canonical\" href=\"https:\/\/www.kinesiologue-latestedebuch.fr\/index.php\/mes-formations\/\" \/>\n<meta property=\"og:locale\" content=\"fr_FR\" \/>\n<meta property=\"og:type\" content=\"article\" \/>\n<meta property=\"og:title\" content=\"VIRGINIE JEANNIERE, KINESIOLOGUE DEPUIS 2019, LA TESTE DE BUCH - JE VOUS ACCOMPAGNE \u00c0 SURMONTER VOS TROUBLES ANXIEUX ET CRISES D&#039;ANGOISSE EN 3 MOIS. - Mes Formations\" \/>\n<meta property=\"og:url\" content=\"https:\/\/www.kinesiologue-latestedebuch.fr\/index.php\/mes-formations\/\" \/>\n<meta property=\"og:site_name\" content=\"VIRGINIE JEANNIERE, KINESIOLOGUE DEPUIS 2019, LA TESTE DE BUCH\" \/>\n<meta property=\"article:publisher\" content=\"https:\/\/www.facebook.com\/virginiejeannierekinesiologue\" \/>\n<meta property=\"article:modified_time\" content=\"2025-05-06T14:41:43+00:00\" \/>\n<meta property=\"og:image\" content=\"https:\/\/i0.wp.com\/www.kinesiologue-latestedebuch.fr\/wp-content\/uploads\/2019\/09\/cropped-kinesio-logo-e1588943256179.png?fit=180%2C180&ssl=1\" \/>\n\t<meta property=\"og:image:width\" content=\"180\" \/>\n\t<meta property=\"og:image:height\" content=\"180\" \/>\n\t<meta property=\"og:image:type\" content=\"image\/png\" \/>\n<meta name=\"twitter:card\" content=\"summary_large_image\" \/>\n<meta name=\"twitter:label1\" content=\"Dur\u00e9e de lecture estim\u00e9e\" \/>\n\t<meta name=\"twitter:data1\" content=\"1 minute\" \/>\n<script type=\"application\/ld+json\" class=\"yoast-schema-graph\">{\"@context\":\"https:\\\/\\\/schema.org\",\"@graph\":[{\"@type\":\"WebPage\",\"@id\":\"https:\\\/\\\/www.kinesiologue-latestedebuch.fr\\\/index.php\\\/mes-formations\\\/\",\"url\":\"https:\\\/\\\/www.kinesiologue-latestedebuch.fr\\\/index.php\\\/mes-formations\\\/\",\"name\":\"VIRGINIE JEANNIERE, KINESIOLOGUE DEPUIS 2019, LA TESTE DE BUCH - JE VOUS ACCOMPAGNE \u00c0 SURMONTER VOS TROUBLES ANXIEUX ET CRISES D&#039;ANGOISSE EN 3 MOIS. - Mes Formations\",\"isPartOf\":{\"@id\":\"https:\\\/\\\/www.kinesiologue-latestedebuch.fr\\\/#website\"},\"datePublished\":\"2025-05-06T14:41:40+00:00\",\"dateModified\":\"2025-05-06T14:41:43+00:00\",\"breadcrumb\":{\"@id\":\"https:\\\/\\\/www.kinesiologue-latestedebuch.fr\\\/index.php\\\/mes-formations\\\/#breadcrumb\"},\"inLanguage\":\"fr-FR\",\"potentialAction\":[{\"@type\":\"ReadAction\",\"target\":[\"https:\\\/\\\/www.kinesiologue-latestedebuch.fr\\\/index.php\\\/mes-formations\\\/\"]}]},{\"@type\":\"BreadcrumbList\",\"@id\":\"https:\\\/\\\/www.kinesiologue-latestedebuch.fr\\\/index.php\\\/mes-formations\\\/#breadcrumb\",\"itemListElement\":[{\"@type\":\"ListItem\",\"position\":1,\"name\":\"Accueil\",\"item\":\"https:\\\/\\\/www.kinesiologue-latestedebuch.fr\\\/\"},{\"@type\":\"ListItem\",\"position\":2,\"name\":\"Mes Formations\"}]},{\"@type\":\"WebSite\",\"@id\":\"https:\\\/\\\/www.kinesiologue-latestedebuch.fr\\\/#website\",\"url\":\"https:\\\/\\\/www.kinesiologue-latestedebuch.fr\\\/\",\"name\":\"KINESIOLOGUE LA TESTE DE BUCH\",\"description\":\"JE VOUS ACCOMPAGNE \u00c0 SURMONTER VOS TROUBLES ANXIEUX ET CRISES D&#039;ANGOISSE EN 3 MOIS.\",\"potentialAction\":[{\"@type\":\"SearchAction\",\"target\":{\"@type\":\"EntryPoint\",\"urlTemplate\":\"https:\\\/\\\/www.kinesiologue-latestedebuch.fr\\\/?s={search_term_string}\"},\"query-input\":{\"@type\":\"PropertyValueSpecification\",\"valueRequired\":true,\"valueName\":\"search_term_string\"}}],\"inLanguage\":\"fr-FR\"}]}<\/script>\n<!-- \/ Yoast SEO plugin. -->","yoast_head_json":{"title":"VIRGINIE JEANNIERE, KINESIOLOGUE DEPUIS 2019, LA TESTE DE BUCH - JE VOUS ACCOMPAGNE \u00c0 SURMONTER VOS TROUBLES ANXIEUX ET CRISES D&#039;ANGOISSE EN 3 MOIS. - Mes Formations","robots":{"index":"index","follow":"follow","max-snippet":"max-snippet:-1","max-image-preview":"max-image-preview:large","max-video-preview":"max-video-preview:-1"},"canonical":"https:\/\/www.kinesiologue-latestedebuch.fr\/index.php\/mes-formations\/","og_locale":"fr_FR","og_type":"article","og_title":"VIRGINIE JEANNIERE, KINESIOLOGUE DEPUIS 2019, LA TESTE DE BUCH - JE VOUS ACCOMPAGNE \u00c0 SURMONTER VOS TROUBLES ANXIEUX ET CRISES D&#039;ANGOISSE EN 3 MOIS. - Mes Formations","og_url":"https:\/\/www.kinesiologue-latestedebuch.fr\/index.php\/mes-formations\/","og_site_name":"VIRGINIE JEANNIERE, KINESIOLOGUE DEPUIS 2019, LA TESTE DE BUCH","article_publisher":"https:\/\/www.facebook.com\/virginiejeannierekinesiologue","article_modified_time":"2025-05-06T14:41:43+00:00","og_image":[{"width":180,"height":180,"url":"https:\/\/i0.wp.com\/www.kinesiologue-latestedebuch.fr\/wp-content\/uploads\/2019\/09\/cropped-kinesio-logo-e1588943256179.png?fit=180%2C180&ssl=1","type":"image\/png"}],"twitter_card":"summary_large_image","twitter_misc":{"Dur\u00e9e de lecture estim\u00e9e":"1 minute"},"schema":{"@context":"https:\/\/schema.org","@graph":[{"@type":"WebPage","@id":"https:\/\/www.kinesiologue-latestedebuch.fr\/index.php\/mes-formations\/","url":"https:\/\/www.kinesiologue-latestedebuch.fr\/index.php\/mes-formations\/","name":"VIRGINIE JEANNIERE, KINESIOLOGUE DEPUIS 2019, LA TESTE DE BUCH - JE VOUS ACCOMPAGNE \u00c0 SURMONTER VOS TROUBLES ANXIEUX ET CRISES D&#039;ANGOISSE EN 3 MOIS. - Mes Formations","isPartOf":{"@id":"https:\/\/www.kinesiologue-latestedebuch.fr\/#website"},"datePublished":"2025-05-06T14:41:40+00:00","dateModified":"2025-05-06T14:41:43+00:00","breadcrumb":{"@id":"https:\/\/www.kinesiologue-latestedebuch.fr\/index.php\/mes-formations\/#breadcrumb"},"inLanguage":"fr-FR","potentialAction":[{"@type":"ReadAction","target":["https:\/\/www.kinesiologue-latestedebuch.fr\/index.php\/mes-formations\/"]}]},{"@type":"BreadcrumbList","@id":"https:\/\/www.kinesiologue-latestedebuch.fr\/index.php\/mes-formations\/#breadcrumb","itemListElement":[{"@type":"ListItem","position":1,"name":"Accueil","item":"https:\/\/www.kinesiologue-latestedebuch.fr\/"},{"@type":"ListItem","position":2,"name":"Mes Formations"}]},{"@type":"WebSite","@id":"https:\/\/www.kinesiologue-latestedebuch.fr\/#website","url":"https:\/\/www.kinesiologue-latestedebuch.fr\/","name":"KINESIOLOGUE LA TESTE DE BUCH","description":"JE VOUS ACCOMPAGNE \u00c0 SURMONTER VOS TROUBLES ANXIEUX ET CRISES D&#039;ANGOISSE EN 3 MOIS.","potentialAction":[{"@type":"SearchAction","target":{"@type":"EntryPoint","urlTemplate":"https:\/\/www.kinesiologue-latestedebuch.fr\/?s={search_term_string}"},"query-input":{"@type":"PropertyValueSpecification","valueRequired":true,"valueName":"search_term_string"}}],"inLanguage":"fr-FR"}]}},"jetpack_sharing_enabled":true,"_links":{"self":[{"href":"https:\/\/www.kinesiologue-latestedebuch.fr\/index.php\/wp-json\/wp\/v2\/pages\/754","targetHints":{"allow":["GET"]}}],"collection":[{"href":"https:\/\/www.kinesiologue-latestedebuch.fr\/index.php\/wp-json\/wp\/v2\/pages"}],"about":[{"href":"https:\/\/www.kinesiologue-latestedebuch.fr\/index.php\/wp-json\/wp\/v2\/types\/page"}],"author":[{"embeddable":true,"href":"https:\/\/www.kinesiologue-latestedebuch.fr\/index.php\/wp-json\/wp\/v2\/users\/1"}],"replies":[{"embeddable":true,"href":"https:\/\/www.kinesiologue-latestedebuch.fr\/index.php\/wp-json\/wp\/v2\/comments?post=754"}],"version-history":[{"count":2,"href":"https:\/\/www.kinesiologue-latestedebuch.fr\/index.php\/wp-json\/wp\/v2\/pages\/754\/revisions"}],"predecessor-version":[{"id":822,"href":"https:\/\/www.kinesiologue-latestedebuch.fr\/index.php\/wp-json\/wp\/v2\/pages\/754\/revisions\/822"}],"wp:attachment":[{"href":"https:\/\/www.kinesiologue-latestedebuch.fr\/index.php\/wp-json\/wp\/v2\/media?parent=754"}],"curies":[{"name":"wp","href":"https:\/\/api.w.org\/{rel}","templated":true}]}}