{"id":883,"date":"2025-05-21T00:30:48","date_gmt":"2025-05-20T22:30:48","guid":{"rendered":"https:\/\/www.kinesiologue-latestedebuch.fr\/?page_id=883"},"modified":"2025-05-21T00:31:01","modified_gmt":"2025-05-20T22:31:01","slug":"decouvrez-mon-accompagnement-specifique","status":"publish","type":"page","link":"https:\/\/www.kinesiologue-latestedebuch.fr\/index.php\/decouvrez-mon-accompagnement-specifique\/","title":{"rendered":"D\u00e9couvrez mon accompagnement sp\u00e9cifique"},"content":{"rendered":"\n<div class=\"wp-block-cover is-light\" style=\"min-height:388px;aspect-ratio:unset;\"><img data-recalc-dims=\"1\" fetchpriority=\"high\" decoding=\"async\" width=\"770\" height=\"359\" class=\"wp-block-cover__image-background wp-image-732\" alt=\"\" src=\"https:\/\/i0.wp.com\/www.kinesiologue-latestedebuch.fr\/wp-content\/uploads\/2025\/01\/virginie-jeanniere-kinesiologue-depuis-2019-la-teste-de-buch-formatrice.webp?resize=770%2C359\" style=\"object-position:23% 45%\" data-object-fit=\"cover\" data-object-position=\"23% 45%\" srcset=\"https:\/\/i0.wp.com\/www.kinesiologue-latestedebuch.fr\/wp-content\/uploads\/2025\/01\/virginie-jeanniere-kinesiologue-depuis-2019-la-teste-de-buch-formatrice.webp?w=1080&amp;ssl=1 1080w, https:\/\/i0.wp.com\/www.kinesiologue-latestedebuch.fr\/wp-content\/uploads\/2025\/01\/virginie-jeanniere-kinesiologue-depuis-2019-la-teste-de-buch-formatrice.webp?resize=300%2C140&amp;ssl=1 300w, https:\/\/i0.wp.com\/www.kinesiologue-latestedebuch.fr\/wp-content\/uploads\/2025\/01\/virginie-jeanniere-kinesiologue-depuis-2019-la-teste-de-buch-formatrice.webp?resize=1024%2C478&amp;ssl=1 1024w, https:\/\/i0.wp.com\/www.kinesiologue-latestedebuch.fr\/wp-content\/uploads\/2025\/01\/virginie-jeanniere-kinesiologue-depuis-2019-la-teste-de-buch-formatrice.webp?resize=768%2C358&amp;ssl=1 768w, https:\/\/i0.wp.com\/www.kinesiologue-latestedebuch.fr\/wp-content\/uploads\/2025\/01\/virginie-jeanniere-kinesiologue-depuis-2019-la-teste-de-buch-formatrice.webp?resize=175%2C82&amp;ssl=1 175w, https:\/\/i0.wp.com\/www.kinesiologue-latestedebuch.fr\/wp-content\/uploads\/2025\/01\/virginie-jeanniere-kinesiologue-depuis-2019-la-teste-de-buch-formatrice.webp?resize=450%2C210&amp;ssl=1 450w, https:\/\/i0.wp.com\/www.kinesiologue-latestedebuch.fr\/wp-content\/uploads\/2025\/01\/virginie-jeanniere-kinesiologue-depuis-2019-la-teste-de-buch-formatrice.webp?resize=600%2C280&amp;ssl=1 600w\" sizes=\"(max-width: 770px) 100vw, 770px\" \/><span aria-hidden=\"true\" class=\"wp-block-cover__background has-background-dim\" style=\"background-color:#cbcacb\"><\/span><div class=\"wp-block-cover__inner-container is-layout-constrained wp-block-cover-is-layout-constrained\">\n<h1 class=\"wp-block-heading has-text-align-right has-white-color has-text-color has-link-color has-larger-font-size wp-elements-f9863651075874bf295c81b5e89c39eb\">Je vous aide \u00e0 surmonter vos troubles d&rsquo;anxi\u00e9t\u00e9, vos crises d&rsquo;angoisse.<\/h1>\n\n\n\n<p>Retrouvez le sommeil et un quotidien joyeux!<\/p>\n\n\n\n<p class=\"has-text-align-right\"><p>De mani\u00e8re naturelle, en quelques s\u00e9ances!<\/p><\/p>\n<\/div><\/div>\n\n\n\n<div class=\"wp-block-group\"><div class=\"wp-block-group__inner-container is-layout-constrained wp-block-group-is-layout-constrained\">\n<p class=\"has-text-align-right\"><p>Je suis Virginie Jeanni\u00e8re, Kin\u00e9siologue certifi\u00e9e et en exercise depuis 2019.<\/p><\/p>\n<\/div><\/div>\n\n\n\n<hr class=\"wp-block-separator has-alpha-channel-opacity\"\/>\n\n\n\n<div class=\"wp-block-cover alignfull is-light\" style=\"min-height:100vh;aspect-ratio:unset;\"><span aria-hidden=\"true\" class=\"wp-block-cover__background has-background-dim-100 has-background-dim\" style=\"background-color:#ffffff\"><\/span><div class=\"wp-block-cover__inner-container is-layout-flow wp-block-cover-is-layout-flow\">\n<div class=\"wp-block-media-text alignwide is-stacked-on-mobile is-vertically-aligned-center is-image-fill-element\" style=\"grid-template-columns:56% auto\"><figure class=\"wp-block-media-text__media\"><img data-recalc-dims=\"1\" decoding=\"async\" width=\"770\" height=\"433\" data-src=\"https:\/\/i0.wp.com\/www.kinesiologue-latestedebuch.fr\/wp-content\/uploads\/2025\/04\/anxiete-angoisse-reduire-combattre-virginie-jeanniere-kinesiologue-la-teste-de-buch-arcachon.webp?resize=770%2C433\" alt=\"une jeune femme qui souffre de troubles anxieux, qui est inquiete, et est en crises d'angoisse\" class=\"wp-image-782 size-full lazyload\" style=\"--smush-placeholder-width: 770px; --smush-placeholder-aspect-ratio: 770\/433;object-position:50% 50%\" data-srcset=\"https:\/\/i0.wp.com\/www.kinesiologue-latestedebuch.fr\/wp-content\/uploads\/2025\/04\/anxiete-angoisse-reduire-combattre-virginie-jeanniere-kinesiologue-la-teste-de-buch-arcachon.webp?resize=1024%2C576&amp;ssl=1 1024w, https:\/\/i0.wp.com\/www.kinesiologue-latestedebuch.fr\/wp-content\/uploads\/2025\/04\/anxiete-angoisse-reduire-combattre-virginie-jeanniere-kinesiologue-la-teste-de-buch-arcachon.webp?resize=300%2C169&amp;ssl=1 300w, https:\/\/i0.wp.com\/www.kinesiologue-latestedebuch.fr\/wp-content\/uploads\/2025\/04\/anxiete-angoisse-reduire-combattre-virginie-jeanniere-kinesiologue-la-teste-de-buch-arcachon.webp?resize=768%2C432&amp;ssl=1 768w, https:\/\/i0.wp.com\/www.kinesiologue-latestedebuch.fr\/wp-content\/uploads\/2025\/04\/anxiete-angoisse-reduire-combattre-virginie-jeanniere-kinesiologue-la-teste-de-buch-arcachon.webp?resize=1536%2C864&amp;ssl=1 1536w, https:\/\/i0.wp.com\/www.kinesiologue-latestedebuch.fr\/wp-content\/uploads\/2025\/04\/anxiete-angoisse-reduire-combattre-virginie-jeanniere-kinesiologue-la-teste-de-buch-arcachon.webp?resize=175%2C98&amp;ssl=1 175w, https:\/\/i0.wp.com\/www.kinesiologue-latestedebuch.fr\/wp-content\/uploads\/2025\/04\/anxiete-angoisse-reduire-combattre-virginie-jeanniere-kinesiologue-la-teste-de-buch-arcachon.webp?resize=450%2C253&amp;ssl=1 450w, https:\/\/i0.wp.com\/www.kinesiologue-latestedebuch.fr\/wp-content\/uploads\/2025\/04\/anxiete-angoisse-reduire-combattre-virginie-jeanniere-kinesiologue-la-teste-de-buch-arcachon.webp?resize=1170%2C658&amp;ssl=1 1170w, https:\/\/i0.wp.com\/www.kinesiologue-latestedebuch.fr\/wp-content\/uploads\/2025\/04\/anxiete-angoisse-reduire-combattre-virginie-jeanniere-kinesiologue-la-teste-de-buch-arcachon.webp?resize=600%2C338&amp;ssl=1 600w, https:\/\/i0.wp.com\/www.kinesiologue-latestedebuch.fr\/wp-content\/uploads\/2025\/04\/anxiete-angoisse-reduire-combattre-virginie-jeanniere-kinesiologue-la-teste-de-buch-arcachon.webp?w=1920&amp;ssl=1 1920w\" data-sizes=\"(max-width: 770px) 100vw, 770px\" src=\"data:image\/svg+xml;base64,PHN2ZyB3aWR0aD0iMSIgaGVpZ2h0PSIxIiB4bWxucz0iaHR0cDovL3d3dy53My5vcmcvMjAwMC9zdmciPjwvc3ZnPg==\" \/><\/figure><div class=\"wp-block-media-text__content\">\n<h1 class=\"wp-block-heading has-text-color\" style=\"color:#000000;font-size:32px\">Surmonter vos troubles anxieux et crises d&rsquo;angoisses en 3 mois.<\/h1>\n\n\n\n<p class=\"has-text-color\" style=\"color:#000000;font-size:17px\">D\u00e9couvrez mon accompagnement sp\u00e9cifique qui va enfin vous permettre de profiter \u00e0 nouveau, pleinement de votre quotidien!<\/p>\n\n\n\n<p>Fini les pens\u00e9es intrusives n\u00e9gatives, les conversations que l&rsquo;on se refait en boucle, l&rsquo;appr\u00e9hension des rencontres,  les refus d&rsquo;invitations, et de rester cloitr\u00e9 chez soi de peur de\u2026<\/p>\n\n\n\n<div class=\"wp-block-buttons is-layout-flex wp-block-buttons-is-layout-flex\">\n<div class=\"wp-block-button is-style-fill\"><a class=\"wp-block-button__link wp-element-button\" href=\"https:\/\/www.kinesiologue-latestedebuch.fr\/index.php\/anxiete-angoisse\/\">EN SAVOIR PLUS<\/a><\/div>\n<\/div>\n<\/div><\/div>\n\n\n\n<div class=\"wp-block-media-text alignwide is-stacked-on-mobile is-vertically-aligned-center is-image-fill-element\" style=\"grid-template-columns:56% auto\"><figure class=\"wp-block-media-text__media\"><img data-recalc-dims=\"1\" decoding=\"async\" width=\"770\" height=\"770\" data-src=\"https:\/\/i0.wp.com\/www.kinesiologue-latestedebuch.fr\/wp-content\/uploads\/2025\/01\/enfant-endort-seul-reveils-dormir-reveille-nuit-peur-nocturne.webp?resize=770%2C770\" alt=\"votre enfant ne dort pas, vous \u00eates ext\u00e9nu\u00e9.\" class=\"wp-image-709 size-full lazyload\" style=\"--smush-placeholder-width: 770px; --smush-placeholder-aspect-ratio: 770\/770;object-position:50% 50%\" data-srcset=\"https:\/\/i0.wp.com\/www.kinesiologue-latestedebuch.fr\/wp-content\/uploads\/2025\/01\/enfant-endort-seul-reveils-dormir-reveille-nuit-peur-nocturne.webp?w=1024&amp;ssl=1 1024w, https:\/\/i0.wp.com\/www.kinesiologue-latestedebuch.fr\/wp-content\/uploads\/2025\/01\/enfant-endort-seul-reveils-dormir-reveille-nuit-peur-nocturne.webp?resize=300%2C300&amp;ssl=1 300w, https:\/\/i0.wp.com\/www.kinesiologue-latestedebuch.fr\/wp-content\/uploads\/2025\/01\/enfant-endort-seul-reveils-dormir-reveille-nuit-peur-nocturne.webp?resize=150%2C150&amp;ssl=1 150w, https:\/\/i0.wp.com\/www.kinesiologue-latestedebuch.fr\/wp-content\/uploads\/2025\/01\/enfant-endort-seul-reveils-dormir-reveille-nuit-peur-nocturne.webp?resize=768%2C768&amp;ssl=1 768w, https:\/\/i0.wp.com\/www.kinesiologue-latestedebuch.fr\/wp-content\/uploads\/2025\/01\/enfant-endort-seul-reveils-dormir-reveille-nuit-peur-nocturne.webp?resize=175%2C175&amp;ssl=1 175w, https:\/\/i0.wp.com\/www.kinesiologue-latestedebuch.fr\/wp-content\/uploads\/2025\/01\/enfant-endort-seul-reveils-dormir-reveille-nuit-peur-nocturne.webp?resize=450%2C450&amp;ssl=1 450w, https:\/\/i0.wp.com\/www.kinesiologue-latestedebuch.fr\/wp-content\/uploads\/2025\/01\/enfant-endort-seul-reveils-dormir-reveille-nuit-peur-nocturne.webp?resize=600%2C600&amp;ssl=1 600w, https:\/\/i0.wp.com\/www.kinesiologue-latestedebuch.fr\/wp-content\/uploads\/2025\/01\/enfant-endort-seul-reveils-dormir-reveille-nuit-peur-nocturne.webp?resize=100%2C100&amp;ssl=1 100w\" data-sizes=\"(max-width: 770px) 100vw, 770px\" src=\"data:image\/svg+xml;base64,PHN2ZyB3aWR0aD0iMSIgaGVpZ2h0PSIxIiB4bWxucz0iaHR0cDovL3d3dy53My5vcmcvMjAwMC9zdmciPjwvc3ZnPg==\" \/><\/figure><div class=\"wp-block-media-text__content\">\n<h1 class=\"wp-block-heading has-text-color\" style=\"color:#000000;font-size:32px\">Mon enfant ne dort pas, je ne sais plus quoi faire\u2026<\/h1>\n\n\n\n<p class=\"has-text-color\" style=\"color:#000000;font-size:17px\">Votre enfant n&rsquo;est pas serein \u00e0 l&rsquo;approche de la nuit. L&rsquo;endormissement vous demande plusieures heures, il se reveille, vous r\u00e9clame et atteri dans votre lit. vous n&rsquo;en pouvez plus, avez essay\u00e9 de mutiple choses d\u00e9j\u00e0.<\/p>\n\n\n\n<p>J&rsquo;ai accompagn\u00e9 de nombreux parents dans ce cas depuis 2019, J&rsquo;ai obtenus de tr\u00e8s bons r\u00e9sultats! <\/p>\n\n\n\n<p><br>Je suis form\u00e9e et j&rsquo;enseigne la Kin\u00e9siologie Pr\u00e9 &amp; Post natale &#8211; Parentalit\u00e9-Maternit\u00e9 + Reflexes Archa\u00efques primitifs. Mes formations en psychologie, et ma veille sur les derni\u00e8res recherches compl\u00e8tes mon expertise.<\/p>\n\n\n\n<div class=\"wp-block-buttons is-layout-flex wp-block-buttons-is-layout-flex\">\n<div class=\"wp-block-button is-style-fill\"><a class=\"wp-block-button__link wp-element-button\" href=\"https:\/\/www.kinesiologue-latestedebuch.fr\/index.php\/contact\/\">EN SAVOIR PLUS<\/a><\/div>\n<\/div>\n<\/div><\/div>\n<\/div><\/div>\n\n\n\n<hr class=\"wp-block-separator has-alpha-channel-opacity\"\/>\n\n\n\n<div class=\"wp-block-buttons is-layout-flex wp-block-buttons-is-layout-flex\">\n<div class=\"wp-block-button\"><a class=\"wp-block-button__link wp-element-button\" href=\"http:\/\/resalib.fr\/p\/25420\">PRENDRE RENDEZ-VOUS<\/a><\/div>\n<\/div>\n\n\n\n<hr class=\"wp-block-separator has-alpha-channel-opacity\"\/>\n\n\n\n<p>Les s\u00e9ances peuvent \u00e9galement vous \u00eatre b\u00e9n\u00e9fiques pour de divers autres cas:<\/p>\n\n\n\n<div class=\"wp-block-buttons is-content-justification-center is-layout-flex wp-container-core-buttons-is-layout-16018d1d wp-block-buttons-is-layout-flex\">\n<div class=\"wp-block-button\"><a class=\"wp-block-button__link has-text-align-center wp-element-button\" href=\"https:\/\/www.kinesiologue-latestedebuch.fr\/index.php\/pour-qui-pour-quoi\/\">en savoir plus<\/a><\/div>\n<\/div>\n\n\n\n<p><\/p>\n","protected":false},"excerpt":{"rendered":"<p>Je suis Virginie Jeanni\u00e8re, Kin\u00e9siologue certifi\u00e9e et en exercise depuis 2019. Les s\u00e9ances peuvent \u00e9galement vous \u00eatre b\u00e9n\u00e9fiques pour de divers autres cas:<\/p>\n","protected":false},"author":1,"featured_media":0,"parent":0,"menu_order":0,"comment_status":"closed","ping_status":"closed","template":"","meta":{"footnotes":""},"class_list":["post-883","page","type-page","status-publish"],"yoast_head":"<!-- This site is optimized with the Yoast SEO plugin v27.4 - https:\/\/yoast.com\/product\/yoast-seo-wordpress\/ -->\n<title>VIRGINIE JEANNIERE, KINESIOLOGUE DEPUIS 2019, LA TESTE DE BUCH - JE VOUS ACCOMPAGNE \u00c0 SURMONTER VOS TROUBLES ANXIEUX ET CRISES D&#039;ANGOISSE EN 3 MOIS. - D\u00e9couvrez mon accompagnement sp\u00e9cifique<\/title>\n<meta name=\"robots\" content=\"index, follow, max-snippet:-1, max-image-preview:large, max-video-preview:-1\" \/>\n<link rel=\"canonical\" href=\"https:\/\/www.kinesiologue-latestedebuch.fr\/index.php\/decouvrez-mon-accompagnement-specifique\/\" \/>\n<meta property=\"og:locale\" content=\"fr_FR\" \/>\n<meta property=\"og:type\" content=\"article\" \/>\n<meta property=\"og:title\" content=\"VIRGINIE JEANNIERE, KINESIOLOGUE DEPUIS 2019, LA TESTE DE BUCH - JE VOUS ACCOMPAGNE \u00c0 SURMONTER VOS TROUBLES ANXIEUX ET CRISES D&#039;ANGOISSE EN 3 MOIS. - D\u00e9couvrez mon accompagnement sp\u00e9cifique\" \/>\n<meta property=\"og:description\" content=\"Je suis Virginie Jeanni\u00e8re, Kin\u00e9siologue certifi\u00e9e et en exercise depuis 2019. Les s\u00e9ances peuvent \u00e9galement vous \u00eatre b\u00e9n\u00e9fiques pour de divers autres cas:\" \/>\n<meta property=\"og:url\" content=\"https:\/\/www.kinesiologue-latestedebuch.fr\/index.php\/decouvrez-mon-accompagnement-specifique\/\" \/>\n<meta property=\"og:site_name\" content=\"VIRGINIE JEANNIERE, KINESIOLOGUE DEPUIS 2019, LA TESTE DE BUCH\" \/>\n<meta property=\"article:publisher\" content=\"https:\/\/www.facebook.com\/virginiejeannierekinesiologue\" \/>\n<meta property=\"article:modified_time\" content=\"2025-05-20T22:31:01+00:00\" \/>\n<meta property=\"og:image\" content=\"http:\/\/www.kinesiologue-latestedebuch.fr\/wp-content\/uploads\/2025\/01\/virginie-jeanniere-kinesiologue-depuis-2019-la-teste-de-buch-formatrice.webp\" \/>\n<meta name=\"twitter:card\" content=\"summary_large_image\" \/>\n<meta name=\"twitter:label1\" content=\"Dur\u00e9e de lecture estim\u00e9e\" \/>\n\t<meta name=\"twitter:data1\" content=\"2 minutes\" \/>\n<script type=\"application\/ld+json\" class=\"yoast-schema-graph\">{\"@context\":\"https:\\\/\\\/schema.org\",\"@graph\":[{\"@type\":\"WebPage\",\"@id\":\"https:\\\/\\\/www.kinesiologue-latestedebuch.fr\\\/index.php\\\/decouvrez-mon-accompagnement-specifique\\\/\",\"url\":\"https:\\\/\\\/www.kinesiologue-latestedebuch.fr\\\/index.php\\\/decouvrez-mon-accompagnement-specifique\\\/\",\"name\":\"VIRGINIE JEANNIERE, KINESIOLOGUE DEPUIS 2019, LA TESTE DE BUCH - JE VOUS ACCOMPAGNE \u00c0 SURMONTER VOS TROUBLES ANXIEUX ET CRISES D&#039;ANGOISSE EN 3 MOIS. - D\u00e9couvrez mon accompagnement sp\u00e9cifique\",\"isPartOf\":{\"@id\":\"https:\\\/\\\/www.kinesiologue-latestedebuch.fr\\\/#website\"},\"primaryImageOfPage\":{\"@id\":\"https:\\\/\\\/www.kinesiologue-latestedebuch.fr\\\/index.php\\\/decouvrez-mon-accompagnement-specifique\\\/#primaryimage\"},\"image\":{\"@id\":\"https:\\\/\\\/www.kinesiologue-latestedebuch.fr\\\/index.php\\\/decouvrez-mon-accompagnement-specifique\\\/#primaryimage\"},\"thumbnailUrl\":\"http:\\\/\\\/www.kinesiologue-latestedebuch.fr\\\/wp-content\\\/uploads\\\/2025\\\/01\\\/virginie-jeanniere-kinesiologue-depuis-2019-la-teste-de-buch-formatrice.webp\",\"datePublished\":\"2025-05-20T22:30:48+00:00\",\"dateModified\":\"2025-05-20T22:31:01+00:00\",\"breadcrumb\":{\"@id\":\"https:\\\/\\\/www.kinesiologue-latestedebuch.fr\\\/index.php\\\/decouvrez-mon-accompagnement-specifique\\\/#breadcrumb\"},\"inLanguage\":\"fr-FR\",\"potentialAction\":[{\"@type\":\"ReadAction\",\"target\":[\"https:\\\/\\\/www.kinesiologue-latestedebuch.fr\\\/index.php\\\/decouvrez-mon-accompagnement-specifique\\\/\"]}]},{\"@type\":\"ImageObject\",\"inLanguage\":\"fr-FR\",\"@id\":\"https:\\\/\\\/www.kinesiologue-latestedebuch.fr\\\/index.php\\\/decouvrez-mon-accompagnement-specifique\\\/#primaryimage\",\"url\":\"https:\\\/\\\/i0.wp.com\\\/www.kinesiologue-latestedebuch.fr\\\/wp-content\\\/uploads\\\/2025\\\/01\\\/virginie-jeanniere-kinesiologue-depuis-2019-la-teste-de-buch-formatrice.webp?fit=1080%2C504&ssl=1\",\"contentUrl\":\"https:\\\/\\\/i0.wp.com\\\/www.kinesiologue-latestedebuch.fr\\\/wp-content\\\/uploads\\\/2025\\\/01\\\/virginie-jeanniere-kinesiologue-depuis-2019-la-teste-de-buch-formatrice.webp?fit=1080%2C504&ssl=1\",\"width\":1080,\"height\":504},{\"@type\":\"BreadcrumbList\",\"@id\":\"https:\\\/\\\/www.kinesiologue-latestedebuch.fr\\\/index.php\\\/decouvrez-mon-accompagnement-specifique\\\/#breadcrumb\",\"itemListElement\":[{\"@type\":\"ListItem\",\"position\":1,\"name\":\"Accueil\",\"item\":\"https:\\\/\\\/www.kinesiologue-latestedebuch.fr\\\/\"},{\"@type\":\"ListItem\",\"position\":2,\"name\":\"D\u00e9couvrez mon accompagnement sp\u00e9cifique\"}]},{\"@type\":\"WebSite\",\"@id\":\"https:\\\/\\\/www.kinesiologue-latestedebuch.fr\\\/#website\",\"url\":\"https:\\\/\\\/www.kinesiologue-latestedebuch.fr\\\/\",\"name\":\"KINESIOLOGUE LA TESTE DE BUCH\",\"description\":\"JE VOUS ACCOMPAGNE \u00c0 SURMONTER VOS TROUBLES ANXIEUX ET CRISES D&#039;ANGOISSE EN 3 MOIS.\",\"potentialAction\":[{\"@type\":\"SearchAction\",\"target\":{\"@type\":\"EntryPoint\",\"urlTemplate\":\"https:\\\/\\\/www.kinesiologue-latestedebuch.fr\\\/?s={search_term_string}\"},\"query-input\":{\"@type\":\"PropertyValueSpecification\",\"valueRequired\":true,\"valueName\":\"search_term_string\"}}],\"inLanguage\":\"fr-FR\"}]}<\/script>\n<!-- \/ Yoast SEO plugin. -->","yoast_head_json":{"title":"VIRGINIE JEANNIERE, KINESIOLOGUE DEPUIS 2019, LA TESTE DE BUCH - JE VOUS ACCOMPAGNE \u00c0 SURMONTER VOS TROUBLES ANXIEUX ET CRISES D&#039;ANGOISSE EN 3 MOIS. - D\u00e9couvrez mon accompagnement sp\u00e9cifique","robots":{"index":"index","follow":"follow","max-snippet":"max-snippet:-1","max-image-preview":"max-image-preview:large","max-video-preview":"max-video-preview:-1"},"canonical":"https:\/\/www.kinesiologue-latestedebuch.fr\/index.php\/decouvrez-mon-accompagnement-specifique\/","og_locale":"fr_FR","og_type":"article","og_title":"VIRGINIE JEANNIERE, KINESIOLOGUE DEPUIS 2019, LA TESTE DE BUCH - JE VOUS ACCOMPAGNE \u00c0 SURMONTER VOS TROUBLES ANXIEUX ET CRISES D&#039;ANGOISSE EN 3 MOIS. - D\u00e9couvrez mon accompagnement sp\u00e9cifique","og_description":"Je suis Virginie Jeanni\u00e8re, Kin\u00e9siologue certifi\u00e9e et en exercise depuis 2019. Les s\u00e9ances peuvent \u00e9galement vous \u00eatre b\u00e9n\u00e9fiques pour de divers autres cas:","og_url":"https:\/\/www.kinesiologue-latestedebuch.fr\/index.php\/decouvrez-mon-accompagnement-specifique\/","og_site_name":"VIRGINIE JEANNIERE, KINESIOLOGUE DEPUIS 2019, LA TESTE DE BUCH","article_publisher":"https:\/\/www.facebook.com\/virginiejeannierekinesiologue","article_modified_time":"2025-05-20T22:31:01+00:00","og_image":[{"url":"http:\/\/www.kinesiologue-latestedebuch.fr\/wp-content\/uploads\/2025\/01\/virginie-jeanniere-kinesiologue-depuis-2019-la-teste-de-buch-formatrice.webp","type":"","width":"","height":""}],"twitter_card":"summary_large_image","twitter_misc":{"Dur\u00e9e de lecture estim\u00e9e":"2 minutes"},"schema":{"@context":"https:\/\/schema.org","@graph":[{"@type":"WebPage","@id":"https:\/\/www.kinesiologue-latestedebuch.fr\/index.php\/decouvrez-mon-accompagnement-specifique\/","url":"https:\/\/www.kinesiologue-latestedebuch.fr\/index.php\/decouvrez-mon-accompagnement-specifique\/","name":"VIRGINIE JEANNIERE, KINESIOLOGUE DEPUIS 2019, LA TESTE DE BUCH - JE VOUS ACCOMPAGNE \u00c0 SURMONTER VOS TROUBLES ANXIEUX ET CRISES D&#039;ANGOISSE EN 3 MOIS. - D\u00e9couvrez mon accompagnement sp\u00e9cifique","isPartOf":{"@id":"https:\/\/www.kinesiologue-latestedebuch.fr\/#website"},"primaryImageOfPage":{"@id":"https:\/\/www.kinesiologue-latestedebuch.fr\/index.php\/decouvrez-mon-accompagnement-specifique\/#primaryimage"},"image":{"@id":"https:\/\/www.kinesiologue-latestedebuch.fr\/index.php\/decouvrez-mon-accompagnement-specifique\/#primaryimage"},"thumbnailUrl":"http:\/\/www.kinesiologue-latestedebuch.fr\/wp-content\/uploads\/2025\/01\/virginie-jeanniere-kinesiologue-depuis-2019-la-teste-de-buch-formatrice.webp","datePublished":"2025-05-20T22:30:48+00:00","dateModified":"2025-05-20T22:31:01+00:00","breadcrumb":{"@id":"https:\/\/www.kinesiologue-latestedebuch.fr\/index.php\/decouvrez-mon-accompagnement-specifique\/#breadcrumb"},"inLanguage":"fr-FR","potentialAction":[{"@type":"ReadAction","target":["https:\/\/www.kinesiologue-latestedebuch.fr\/index.php\/decouvrez-mon-accompagnement-specifique\/"]}]},{"@type":"ImageObject","inLanguage":"fr-FR","@id":"https:\/\/www.kinesiologue-latestedebuch.fr\/index.php\/decouvrez-mon-accompagnement-specifique\/#primaryimage","url":"https:\/\/i0.wp.com\/www.kinesiologue-latestedebuch.fr\/wp-content\/uploads\/2025\/01\/virginie-jeanniere-kinesiologue-depuis-2019-la-teste-de-buch-formatrice.webp?fit=1080%2C504&ssl=1","contentUrl":"https:\/\/i0.wp.com\/www.kinesiologue-latestedebuch.fr\/wp-content\/uploads\/2025\/01\/virginie-jeanniere-kinesiologue-depuis-2019-la-teste-de-buch-formatrice.webp?fit=1080%2C504&ssl=1","width":1080,"height":504},{"@type":"BreadcrumbList","@id":"https:\/\/www.kinesiologue-latestedebuch.fr\/index.php\/decouvrez-mon-accompagnement-specifique\/#breadcrumb","itemListElement":[{"@type":"ListItem","position":1,"name":"Accueil","item":"https:\/\/www.kinesiologue-latestedebuch.fr\/"},{"@type":"ListItem","position":2,"name":"D\u00e9couvrez mon accompagnement sp\u00e9cifique"}]},{"@type":"WebSite","@id":"https:\/\/www.kinesiologue-latestedebuch.fr\/#website","url":"https:\/\/www.kinesiologue-latestedebuch.fr\/","name":"KINESIOLOGUE LA TESTE DE BUCH","description":"JE VOUS ACCOMPAGNE \u00c0 SURMONTER VOS TROUBLES ANXIEUX ET CRISES D&#039;ANGOISSE EN 3 MOIS.","potentialAction":[{"@type":"SearchAction","target":{"@type":"EntryPoint","urlTemplate":"https:\/\/www.kinesiologue-latestedebuch.fr\/?s={search_term_string}"},"query-input":{"@type":"PropertyValueSpecification","valueRequired":true,"valueName":"search_term_string"}}],"inLanguage":"fr-FR"}]}},"jetpack_sharing_enabled":true,"_links":{"self":[{"href":"https:\/\/www.kinesiologue-latestedebuch.fr\/index.php\/wp-json\/wp\/v2\/pages\/883","targetHints":{"allow":["GET"]}}],"collection":[{"href":"https:\/\/www.kinesiologue-latestedebuch.fr\/index.php\/wp-json\/wp\/v2\/pages"}],"about":[{"href":"https:\/\/www.kinesiologue-latestedebuch.fr\/index.php\/wp-json\/wp\/v2\/types\/page"}],"author":[{"embeddable":true,"href":"https:\/\/www.kinesiologue-latestedebuch.fr\/index.php\/wp-json\/wp\/v2\/users\/1"}],"replies":[{"embeddable":true,"href":"https:\/\/www.kinesiologue-latestedebuch.fr\/index.php\/wp-json\/wp\/v2\/comments?post=883"}],"version-history":[{"count":3,"href":"https:\/\/www.kinesiologue-latestedebuch.fr\/index.php\/wp-json\/wp\/v2\/pages\/883\/revisions"}],"predecessor-version":[{"id":886,"href":"https:\/\/www.kinesiologue-latestedebuch.fr\/index.php\/wp-json\/wp\/v2\/pages\/883\/revisions\/886"}],"wp:attachment":[{"href":"https:\/\/www.kinesiologue-latestedebuch.fr\/index.php\/wp-json\/wp\/v2\/media?parent=883"}],"curies":[{"name":"wp","href":"https:\/\/api.w.org\/{rel}","templated":true}]}}