{"id":904,"date":"2025-07-05T18:15:28","date_gmt":"2025-07-05T16:15:28","guid":{"rendered":"https:\/\/www.kinesiologue-latestedebuch.fr\/?page_id=904"},"modified":"2025-07-09T11:28:14","modified_gmt":"2025-07-09T09:28:14","slug":"mes-methodes","status":"publish","type":"page","link":"https:\/\/www.kinesiologue-latestedebuch.fr\/index.php\/mes-methodes\/","title":{"rendered":"Mes M\u00e9thodes"},"content":{"rendered":"\n<h2 class=\"wp-block-heading\">Gr\u00e2ce aux diff\u00e9rentes techniques de kin\u00e9siologie et connaissances psychologique, acquissent durant ces 6 derni\u00e8res ann\u00e9es, je suis en mesure d\u2019agir sur ce qui vous encombre et qui vous emp\u00eache de vivre avec l\u00e9g\u00e8ret\u00e9, notamment avec ce qui suit:&nbsp;<\/h2>\n\n\n<div class=\"wp-block-image is-style-rounded\">\n<figure class=\"aligncenter size-large is-resized\"><img data-recalc-dims=\"1\" height=\"1024\" width=\"683\" decoding=\"async\" data-src=\"https:\/\/i0.wp.com\/www.kinesiologue-latestedebuch.fr\/wp-content\/uploads\/2025\/07\/2kinesiologue_la-teste-de-buch_virginie-jeanniere_biganos-gujan-arcachon-bassin-teich_-683x1024.jpg?resize=683%2C1024&#038;ssl=1\" alt=\"\" class=\"wp-image-916 lazyload\" style=\"--smush-placeholder-width: 683px; --smush-placeholder-aspect-ratio: 683\/1024;width:398px;height:auto\" src=\"data:image\/svg+xml;base64,PHN2ZyB3aWR0aD0iMSIgaGVpZ2h0PSIxIiB4bWxucz0iaHR0cDovL3d3dy53My5vcmcvMjAwMC9zdmciPjwvc3ZnPg==\" \/><\/figure>\n<\/div>\n\n\n<h3 class=\"wp-block-heading\"><strong><mark style=\"background-color:rgba(0, 0, 0, 0)\" class=\"has-inline-color has-black-color\">1. **Approche Holistique** : <\/mark><\/strong><\/h3>\n\n\n\n<p>J\u2019ai \u00e0 coeur de consid\u00e9rer la personne dans sa globalit\u00e9, prenant en compte les aspects physiques, \u00e9motionnels et mentaux. Mon approche holistique peut \u00eatre particuli\u00e8rement b\u00e9n\u00e9fique pour traiter chaque probl\u00e9matique, qui est souvent influenc\u00e9e par plusieurs facteurs.<\/p>\n\n\n\n<h3 class=\"wp-block-heading\"><strong>2. **Lib\u00e9ration \u00c9motionnelle** : <\/strong><\/h3>\n\n\n\n<p>Ma m\u00e9thode permet d&rsquo;identifier et de lib\u00e9rer les blocages \u00e9motionnels qui peuvent contribuer aux crises d&rsquo;angoisse. Cela peut inclure des visualisations, des verbalisations, ou des mouvements oculaires pour traiter les \u00e9motions refoul\u00e9es.<\/p>\n\n\n\n<div class=\"wp-block-group is-nowrap is-layout-flex wp-container-core-group-is-layout-ad2f72ca wp-block-group-is-layout-flex\">\n<h3 class=\"wp-block-heading\"><strong>3. **\u00c9quilibrage Corporel &amp; \u00c9nerg\u00e9tique<\/strong>** :<\/h3>\n<\/div>\n\n\n\n<p>J\u2019utilise des techniques pour \u00e9quilibrer les \u00e9nergies du corps en relation avec les organes et certains muscles, ce qui peut aider \u00e0 r\u00e9duire le stress, l&rsquo;anxi\u00e9t\u00e9 et autres disfonctionnements. <br>En stimulant certains points \u00e9nerg\u00e9tiques, cela va favoriser un \u00e9tat de calme et de relaxation.<\/p>\n\n\n\n<h3 class=\"wp-block-heading\"><strong>4. **Renforcement du Syst\u00e8me Nerveux** : <\/strong><\/h3>\n\n\n\n<p>En travaillant sur le syst\u00e8me nerveux, on va pouvoir aider \u00e0 r\u00e9guler les r\u00e9ponses de stress du corps. Cela peut inclure des massages de points r\u00e9flexes ou des touchers cr\u00e2niens pour apaiser le syst\u00e8me nerveux.<\/p>\n\n\n\n<h3 class=\"wp-block-heading\"><strong>5. **Am\u00e9lioration de la Communication Corps-Esprit** : <\/strong><\/h3>\n\n\n\n<p>Notre objectif \u00e9tant une meilleure communication entre le cerveau et le corps, ce qui peut aider \u00e0 g\u00e9rer les r\u00e9actions \u00e9motionnelles et physiques face au stress.<\/p>\n\n\n\n<h3 class=\"wp-block-heading\"><strong>6. **Techniques d&rsquo;ancrages** : <\/strong><\/h3>\n\n\n\n<p>Pendant les s\u00e9ances et parfois \u00e0 pratiquer chez vous, diff\u00e9rentes techniques et mouvements seront employ\u00e9s pour aider votre corps et votre esprit \u00e0 adopter des sch\u00e9mas et des m\u00e9thodes plus b\u00e9n\u00e9fiques pour vous.<\/p>\n\n\n\n<div class=\"wp-block-buttons is-layout-flex wp-block-buttons-is-layout-flex\">\n<div class=\"wp-block-button\"><a class=\"wp-block-button__link wp-element-button\" href=\"https:\/\/www.kinesiologue-latestedebuch.fr\/index.php\/mes-formations\/\">MES FORMATIONS<\/a><\/div>\n<\/div>\n\n\n\n<div class=\"wp-block-buttons is-layout-flex wp-block-buttons-is-layout-flex\">\n<div class=\"wp-block-button\"><a class=\"wp-block-button__link wp-element-button\" href=\"https:\/\/www.kinesiologue-latestedebuch.fr\/index.php\/about\/\">\u00c0  PROPOS<\/a><\/div>\n<\/div>\n\n\n\n<div class=\"wp-block-buttons is-layout-flex wp-block-buttons-is-layout-flex\"><\/div>\n","protected":false},"excerpt":{"rendered":"<p>Gr\u00e2ce aux diff\u00e9rentes techniques de kin\u00e9siologie et connaissances psychologique, acquissent durant ces 6 derni\u00e8res ann\u00e9es, je suis en mesure d\u2019agir sur ce qui vous encombre et qui vous emp\u00eache de vivre avec l\u00e9g\u00e8ret\u00e9, notamment avec ce qui suit:&nbsp; 1. **Approche Holistique** : J\u2019ai \u00e0 coeur de consid\u00e9rer la personne dans sa globalit\u00e9, prenant en compte<\/p>\n","protected":false},"author":1,"featured_media":0,"parent":0,"menu_order":0,"comment_status":"closed","ping_status":"closed","template":"","meta":{"footnotes":""},"class_list":["post-904","page","type-page","status-publish"],"yoast_head":"<!-- This site is optimized with the Yoast SEO plugin v27.3 - https:\/\/yoast.com\/product\/yoast-seo-wordpress\/ -->\n<title>VIRGINIE JEANNIERE, KINESIOLOGUE DEPUIS 2019, LA TESTE DE BUCH - JE VOUS ACCOMPAGNE \u00c0 SURMONTER VOS TROUBLES ANXIEUX ET CRISES D&#039;ANGOISSE EN 3 MOIS. - Mes M\u00e9thodes<\/title>\n<meta name=\"robots\" content=\"index, follow, max-snippet:-1, max-image-preview:large, max-video-preview:-1\" \/>\n<link rel=\"canonical\" href=\"https:\/\/www.kinesiologue-latestedebuch.fr\/index.php\/mes-methodes\/\" \/>\n<meta property=\"og:locale\" content=\"fr_FR\" \/>\n<meta property=\"og:type\" content=\"article\" \/>\n<meta property=\"og:title\" content=\"VIRGINIE JEANNIERE, KINESIOLOGUE DEPUIS 2019, LA TESTE DE BUCH - JE VOUS ACCOMPAGNE \u00c0 SURMONTER VOS TROUBLES ANXIEUX ET CRISES D&#039;ANGOISSE EN 3 MOIS. - Mes M\u00e9thodes\" \/>\n<meta property=\"og:description\" content=\"Gr\u00e2ce aux diff\u00e9rentes techniques de kin\u00e9siologie et connaissances psychologique, acquissent durant ces 6 derni\u00e8res ann\u00e9es, je suis en mesure d\u2019agir sur ce qui vous encombre et qui vous emp\u00eache de vivre avec l\u00e9g\u00e8ret\u00e9, notamment avec ce qui suit:&nbsp; 1. **Approche Holistique** : J\u2019ai \u00e0 coeur de consid\u00e9rer la personne dans sa globalit\u00e9, prenant en compte\" \/>\n<meta property=\"og:url\" content=\"https:\/\/www.kinesiologue-latestedebuch.fr\/index.php\/mes-methodes\/\" \/>\n<meta property=\"og:site_name\" content=\"VIRGINIE JEANNIERE, KINESIOLOGUE DEPUIS 2019, LA TESTE DE BUCH\" \/>\n<meta property=\"article:publisher\" content=\"https:\/\/www.facebook.com\/virginiejeannierekinesiologue\" \/>\n<meta property=\"article:modified_time\" content=\"2025-07-09T09:28:14+00:00\" \/>\n<meta property=\"og:image\" content=\"https:\/\/www.kinesiologue-latestedebuch.fr\/wp-content\/uploads\/2025\/07\/2kinesiologue_la-teste-de-buch_virginie-jeanniere_biganos-gujan-arcachon-bassin-teich_-683x1024.jpg\" \/>\n<meta name=\"twitter:card\" content=\"summary_large_image\" \/>\n<meta name=\"twitter:label1\" content=\"Dur\u00e9e de lecture estim\u00e9e\" \/>\n\t<meta name=\"twitter:data1\" content=\"2 minutes\" \/>\n<script type=\"application\/ld+json\" class=\"yoast-schema-graph\">{\"@context\":\"https:\\\/\\\/schema.org\",\"@graph\":[{\"@type\":\"WebPage\",\"@id\":\"https:\\\/\\\/www.kinesiologue-latestedebuch.fr\\\/index.php\\\/mes-methodes\\\/\",\"url\":\"https:\\\/\\\/www.kinesiologue-latestedebuch.fr\\\/index.php\\\/mes-methodes\\\/\",\"name\":\"VIRGINIE JEANNIERE, KINESIOLOGUE DEPUIS 2019, LA TESTE DE BUCH - JE VOUS ACCOMPAGNE \u00c0 SURMONTER VOS TROUBLES ANXIEUX ET CRISES D&#039;ANGOISSE EN 3 MOIS. - Mes M\u00e9thodes\",\"isPartOf\":{\"@id\":\"https:\\\/\\\/www.kinesiologue-latestedebuch.fr\\\/#website\"},\"primaryImageOfPage\":{\"@id\":\"https:\\\/\\\/www.kinesiologue-latestedebuch.fr\\\/index.php\\\/mes-methodes\\\/#primaryimage\"},\"image\":{\"@id\":\"https:\\\/\\\/www.kinesiologue-latestedebuch.fr\\\/index.php\\\/mes-methodes\\\/#primaryimage\"},\"thumbnailUrl\":\"https:\\\/\\\/www.kinesiologue-latestedebuch.fr\\\/wp-content\\\/uploads\\\/2025\\\/07\\\/2kinesiologue_la-teste-de-buch_virginie-jeanniere_biganos-gujan-arcachon-bassin-teich_-683x1024.jpg\",\"datePublished\":\"2025-07-05T16:15:28+00:00\",\"dateModified\":\"2025-07-09T09:28:14+00:00\",\"breadcrumb\":{\"@id\":\"https:\\\/\\\/www.kinesiologue-latestedebuch.fr\\\/index.php\\\/mes-methodes\\\/#breadcrumb\"},\"inLanguage\":\"fr-FR\",\"potentialAction\":[{\"@type\":\"ReadAction\",\"target\":[\"https:\\\/\\\/www.kinesiologue-latestedebuch.fr\\\/index.php\\\/mes-methodes\\\/\"]}]},{\"@type\":\"ImageObject\",\"inLanguage\":\"fr-FR\",\"@id\":\"https:\\\/\\\/www.kinesiologue-latestedebuch.fr\\\/index.php\\\/mes-methodes\\\/#primaryimage\",\"url\":\"https:\\\/\\\/www.kinesiologue-latestedebuch.fr\\\/wp-content\\\/uploads\\\/2025\\\/07\\\/2kinesiologue_la-teste-de-buch_virginie-jeanniere_biganos-gujan-arcachon-bassin-teich_-683x1024.jpg\",\"contentUrl\":\"https:\\\/\\\/www.kinesiologue-latestedebuch.fr\\\/wp-content\\\/uploads\\\/2025\\\/07\\\/2kinesiologue_la-teste-de-buch_virginie-jeanniere_biganos-gujan-arcachon-bassin-teich_-683x1024.jpg\"},{\"@type\":\"BreadcrumbList\",\"@id\":\"https:\\\/\\\/www.kinesiologue-latestedebuch.fr\\\/index.php\\\/mes-methodes\\\/#breadcrumb\",\"itemListElement\":[{\"@type\":\"ListItem\",\"position\":1,\"name\":\"Accueil\",\"item\":\"https:\\\/\\\/www.kinesiologue-latestedebuch.fr\\\/\"},{\"@type\":\"ListItem\",\"position\":2,\"name\":\"Mes M\u00e9thodes\"}]},{\"@type\":\"WebSite\",\"@id\":\"https:\\\/\\\/www.kinesiologue-latestedebuch.fr\\\/#website\",\"url\":\"https:\\\/\\\/www.kinesiologue-latestedebuch.fr\\\/\",\"name\":\"KINESIOLOGUE LA TESTE DE BUCH\",\"description\":\"JE VOUS ACCOMPAGNE \u00c0 SURMONTER VOS TROUBLES ANXIEUX ET CRISES D&#039;ANGOISSE EN 3 MOIS.\",\"potentialAction\":[{\"@type\":\"SearchAction\",\"target\":{\"@type\":\"EntryPoint\",\"urlTemplate\":\"https:\\\/\\\/www.kinesiologue-latestedebuch.fr\\\/?s={search_term_string}\"},\"query-input\":{\"@type\":\"PropertyValueSpecification\",\"valueRequired\":true,\"valueName\":\"search_term_string\"}}],\"inLanguage\":\"fr-FR\"}]}<\/script>\n<!-- \/ Yoast SEO plugin. -->","yoast_head_json":{"title":"VIRGINIE JEANNIERE, KINESIOLOGUE DEPUIS 2019, LA TESTE DE BUCH - JE VOUS ACCOMPAGNE \u00c0 SURMONTER VOS TROUBLES ANXIEUX ET CRISES D&#039;ANGOISSE EN 3 MOIS. - Mes M\u00e9thodes","robots":{"index":"index","follow":"follow","max-snippet":"max-snippet:-1","max-image-preview":"max-image-preview:large","max-video-preview":"max-video-preview:-1"},"canonical":"https:\/\/www.kinesiologue-latestedebuch.fr\/index.php\/mes-methodes\/","og_locale":"fr_FR","og_type":"article","og_title":"VIRGINIE JEANNIERE, KINESIOLOGUE DEPUIS 2019, LA TESTE DE BUCH - JE VOUS ACCOMPAGNE \u00c0 SURMONTER VOS TROUBLES ANXIEUX ET CRISES D&#039;ANGOISSE EN 3 MOIS. - Mes M\u00e9thodes","og_description":"Gr\u00e2ce aux diff\u00e9rentes techniques de kin\u00e9siologie et connaissances psychologique, acquissent durant ces 6 derni\u00e8res ann\u00e9es, je suis en mesure d\u2019agir sur ce qui vous encombre et qui vous emp\u00eache de vivre avec l\u00e9g\u00e8ret\u00e9, notamment avec ce qui suit:&nbsp; 1. **Approche Holistique** : J\u2019ai \u00e0 coeur de consid\u00e9rer la personne dans sa globalit\u00e9, prenant en compte","og_url":"https:\/\/www.kinesiologue-latestedebuch.fr\/index.php\/mes-methodes\/","og_site_name":"VIRGINIE JEANNIERE, KINESIOLOGUE DEPUIS 2019, LA TESTE DE BUCH","article_publisher":"https:\/\/www.facebook.com\/virginiejeannierekinesiologue","article_modified_time":"2025-07-09T09:28:14+00:00","og_image":[{"url":"https:\/\/www.kinesiologue-latestedebuch.fr\/wp-content\/uploads\/2025\/07\/2kinesiologue_la-teste-de-buch_virginie-jeanniere_biganos-gujan-arcachon-bassin-teich_-683x1024.jpg","type":"","width":"","height":""}],"twitter_card":"summary_large_image","twitter_misc":{"Dur\u00e9e de lecture estim\u00e9e":"2 minutes"},"schema":{"@context":"https:\/\/schema.org","@graph":[{"@type":"WebPage","@id":"https:\/\/www.kinesiologue-latestedebuch.fr\/index.php\/mes-methodes\/","url":"https:\/\/www.kinesiologue-latestedebuch.fr\/index.php\/mes-methodes\/","name":"VIRGINIE JEANNIERE, KINESIOLOGUE DEPUIS 2019, LA TESTE DE BUCH - JE VOUS ACCOMPAGNE \u00c0 SURMONTER VOS TROUBLES ANXIEUX ET CRISES D&#039;ANGOISSE EN 3 MOIS. - Mes M\u00e9thodes","isPartOf":{"@id":"https:\/\/www.kinesiologue-latestedebuch.fr\/#website"},"primaryImageOfPage":{"@id":"https:\/\/www.kinesiologue-latestedebuch.fr\/index.php\/mes-methodes\/#primaryimage"},"image":{"@id":"https:\/\/www.kinesiologue-latestedebuch.fr\/index.php\/mes-methodes\/#primaryimage"},"thumbnailUrl":"https:\/\/www.kinesiologue-latestedebuch.fr\/wp-content\/uploads\/2025\/07\/2kinesiologue_la-teste-de-buch_virginie-jeanniere_biganos-gujan-arcachon-bassin-teich_-683x1024.jpg","datePublished":"2025-07-05T16:15:28+00:00","dateModified":"2025-07-09T09:28:14+00:00","breadcrumb":{"@id":"https:\/\/www.kinesiologue-latestedebuch.fr\/index.php\/mes-methodes\/#breadcrumb"},"inLanguage":"fr-FR","potentialAction":[{"@type":"ReadAction","target":["https:\/\/www.kinesiologue-latestedebuch.fr\/index.php\/mes-methodes\/"]}]},{"@type":"ImageObject","inLanguage":"fr-FR","@id":"https:\/\/www.kinesiologue-latestedebuch.fr\/index.php\/mes-methodes\/#primaryimage","url":"https:\/\/www.kinesiologue-latestedebuch.fr\/wp-content\/uploads\/2025\/07\/2kinesiologue_la-teste-de-buch_virginie-jeanniere_biganos-gujan-arcachon-bassin-teich_-683x1024.jpg","contentUrl":"https:\/\/www.kinesiologue-latestedebuch.fr\/wp-content\/uploads\/2025\/07\/2kinesiologue_la-teste-de-buch_virginie-jeanniere_biganos-gujan-arcachon-bassin-teich_-683x1024.jpg"},{"@type":"BreadcrumbList","@id":"https:\/\/www.kinesiologue-latestedebuch.fr\/index.php\/mes-methodes\/#breadcrumb","itemListElement":[{"@type":"ListItem","position":1,"name":"Accueil","item":"https:\/\/www.kinesiologue-latestedebuch.fr\/"},{"@type":"ListItem","position":2,"name":"Mes M\u00e9thodes"}]},{"@type":"WebSite","@id":"https:\/\/www.kinesiologue-latestedebuch.fr\/#website","url":"https:\/\/www.kinesiologue-latestedebuch.fr\/","name":"KINESIOLOGUE LA TESTE DE BUCH","description":"JE VOUS ACCOMPAGNE \u00c0 SURMONTER VOS TROUBLES ANXIEUX ET CRISES D&#039;ANGOISSE EN 3 MOIS.","potentialAction":[{"@type":"SearchAction","target":{"@type":"EntryPoint","urlTemplate":"https:\/\/www.kinesiologue-latestedebuch.fr\/?s={search_term_string}"},"query-input":{"@type":"PropertyValueSpecification","valueRequired":true,"valueName":"search_term_string"}}],"inLanguage":"fr-FR"}]}},"jetpack_sharing_enabled":true,"_links":{"self":[{"href":"https:\/\/www.kinesiologue-latestedebuch.fr\/index.php\/wp-json\/wp\/v2\/pages\/904","targetHints":{"allow":["GET"]}}],"collection":[{"href":"https:\/\/www.kinesiologue-latestedebuch.fr\/index.php\/wp-json\/wp\/v2\/pages"}],"about":[{"href":"https:\/\/www.kinesiologue-latestedebuch.fr\/index.php\/wp-json\/wp\/v2\/types\/page"}],"author":[{"embeddable":true,"href":"https:\/\/www.kinesiologue-latestedebuch.fr\/index.php\/wp-json\/wp\/v2\/users\/1"}],"replies":[{"embeddable":true,"href":"https:\/\/www.kinesiologue-latestedebuch.fr\/index.php\/wp-json\/wp\/v2\/comments?post=904"}],"version-history":[{"count":4,"href":"https:\/\/www.kinesiologue-latestedebuch.fr\/index.php\/wp-json\/wp\/v2\/pages\/904\/revisions"}],"predecessor-version":[{"id":921,"href":"https:\/\/www.kinesiologue-latestedebuch.fr\/index.php\/wp-json\/wp\/v2\/pages\/904\/revisions\/921"}],"wp:attachment":[{"href":"https:\/\/www.kinesiologue-latestedebuch.fr\/index.php\/wp-json\/wp\/v2\/media?parent=904"}],"curies":[{"name":"wp","href":"https:\/\/api.w.org\/{rel}","templated":true}]}}