{"id":955,"date":"2025-09-18T10:01:53","date_gmt":"2025-09-18T08:01:53","guid":{"rendered":"https:\/\/www.kinesiologue-latestedebuch.fr\/?page_id=955"},"modified":"2025-09-18T16:58:21","modified_gmt":"2025-09-18T14:58:21","slug":"vos-temoignages","status":"publish","type":"page","link":"https:\/\/www.kinesiologue-latestedebuch.fr\/index.php\/vos-temoignages\/","title":{"rendered":"Vos T\u00e9moignages"},"content":{"rendered":"\t\t<div data-elementor-type=\"wp-page\" data-elementor-id=\"955\" class=\"elementor elementor-955\">\n\t\t\t\t<div class=\"elementor-element elementor-element-3fb71724 e-flex e-con-boxed e-con e-parent\" data-id=\"3fb71724\" data-element_type=\"container\">\n\t\t\t\t\t<div class=\"e-con-inner\">\n\t\t\t\t<div class=\"elementor-element elementor-element-3442a4fc elementor-widget elementor-widget-text-editor\" data-id=\"3442a4fc\" data-element_type=\"widget\" data-widget_type=\"text-editor.default\">\n\t\t\t\t<div class=\"elementor-widget-container\">\n\t\t\t\t\t\t\t\t\t<div class=\"wp-block-image\">\n<figure class=\"aligncenter size-full is-resized\"><img fetchpriority=\"high\" decoding=\"async\" width=\"850\" height=\"144\" data-recalc-dims=\"1\" src=\"https:\/\/i0.wp.com\/www.kinesiologue-latestedebuch.fr\/wp-content\/uploads\/2025\/09\/virginie-jeanniere-kinesiologue-avis-excellent-note5.webp?w=770\" alt=\"5 \u00e9toiles dor\u00e9es\" class=\"wp-image-963\" style=\"width:255px;height:auto\" srcset=\"https:\/\/i0.wp.com\/www.kinesiologue-latestedebuch.fr\/wp-content\/uploads\/2025\/09\/virginie-jeanniere-kinesiologue-avis-excellent-note5.webp?w=850&amp;ssl=1 850w, https:\/\/i0.wp.com\/www.kinesiologue-latestedebuch.fr\/wp-content\/uploads\/2025\/09\/virginie-jeanniere-kinesiologue-avis-excellent-note5.webp?resize=300%2C51&amp;ssl=1 300w, https:\/\/i0.wp.com\/www.kinesiologue-latestedebuch.fr\/wp-content\/uploads\/2025\/09\/virginie-jeanniere-kinesiologue-avis-excellent-note5.webp?resize=768%2C130&amp;ssl=1 768w, https:\/\/i0.wp.com\/www.kinesiologue-latestedebuch.fr\/wp-content\/uploads\/2025\/09\/virginie-jeanniere-kinesiologue-avis-excellent-note5.webp?resize=175%2C30&amp;ssl=1 175w, https:\/\/i0.wp.com\/www.kinesiologue-latestedebuch.fr\/wp-content\/uploads\/2025\/09\/virginie-jeanniere-kinesiologue-avis-excellent-note5.webp?resize=450%2C76&amp;ssl=1 450w, https:\/\/i0.wp.com\/www.kinesiologue-latestedebuch.fr\/wp-content\/uploads\/2025\/09\/virginie-jeanniere-kinesiologue-avis-excellent-note5.webp?resize=600%2C102&amp;ssl=1 600w\" sizes=\"(max-width: 770px) 100vw, 770px\" \/><figcaption class=\"wp-element-caption\">45 avis, not\u00e9s 5\/5, sur r\u00e9salib et google<\/figcaption><\/figure>\n<\/div>\n\n\n<hr class=\"wp-block-separator has-css-opacity is-style-default\"\/>\n\n\n\n<blockquote class=\"wp-block-quote has-text-align-center is-style-large is-layout-flow wp-block-quote-is-layout-flow\">\n<p>\u00ab\u00a0Excellente Kinesiologue. \u00c0 l\u2019\u00e9coute, professionnelle, franche et sinc\u00e8re. Merci bcp pour cette s\u00e9ance b\u00e9n\u00e9fique\u00a0\u00bb<\/p>\n<cite>\u2014 <strong>Marie L.<\/strong><\/cite><\/blockquote>\n\n\n\n<hr class=\"wp-block-separator has-css-opacity is-style-default\"\/>\n\n\n\n<blockquote class=\"wp-block-quote has-text-align-center is-style-large is-layout-flow wp-block-quote-is-layout-flow\">\n<p>\u00ab&nbsp;Excellente kinesiologue. Tr\u00e8s professionnelle, \u00e0 l\u2019\u00e9coute et douce, Mille mercis pour cette s\u00e9ance. Je recommande vivement\u00bb<\/p>\n<cite>\u2014 <strong>Marie L.<\/strong><\/cite><\/blockquote>\n\n\n\n<hr class=\"wp-block-separator has-css-opacity is-style-default\"\/>\n\n\n\n<blockquote class=\"wp-block-quote has-text-align-center is-style-large is-layout-flow wp-block-quote-is-layout-flow\">\n<p>\u00ab&nbsp;Excellente professionnelle , Virginie explique tous ce qu\u2019elle fait avec douceur et bienveillance , franchement je recommande a 100% \u2600\ufe0f&nbsp;\u00bb<\/p>\n<cite>\u2014 <strong>M\u00e9lissa D.<\/strong><\/cite><\/blockquote>\n\n\n\n<hr class=\"wp-block-separator has-css-opacity is-style-default\"\/>\n\n\n\n<blockquote class=\"wp-block-quote has-text-align-center is-style-large is-layout-flow wp-block-quote-is-layout-flow\">\n<p>\u00ab&nbsp;Je ne connaissais pas cette discipline et j\u2019ai beaucoup appr\u00e9ci\u00e9 la s\u00e9ance assur\u00e9e par Virginie Jeanni\u00e8re. Par sa technique elle est remont\u00e9e sur un blocage que j\u2019avais \u00e0 5 ans. Je recommande vivement. Merci encore.\u00bb<\/p>\n<cite>\u2014 <strong>Edith R.<\/strong><\/cite><\/blockquote>\n\n\n\n<hr class=\"wp-block-separator has-css-opacity is-style-default\"\/>\n\n\n\n<blockquote class=\"wp-block-quote has-text-align-center is-style-large is-layout-flow wp-block-quote-is-layout-flow\">\n<p>\u00ab&nbsp;Praticienne passionn\u00e9e et \u00e0 l&rsquo;\u00e9coute. S\u00e9ance qui se d\u00e9roule dans une ambiance bienveillante. Je recommande vivement la qualit\u00e9 de ses prestations personnalis\u00e9es.&nbsp;\u00bb<\/p>\n<cite>\u2014 <strong>Elysa T.<\/strong><\/cite><\/blockquote>\n\n\n\n<hr class=\"wp-block-separator has-css-opacity is-style-default\"\/>\n\n\n\n<blockquote class=\"wp-block-quote has-text-align-center is-style-large is-layout-flow wp-block-quote-is-layout-flow\">\n<p>\u00ab&nbsp;Personne adorable et bienveillante qui m\u2019a permis d\u2019aller de l\u2019avant et de me sentir beaucoup mieux. Je vous la conseille fortement.&nbsp;\u00bb<\/p>\n<cite>\u2014 <strong>Jo\u00eblle F.<\/strong><\/cite><\/blockquote>\n\n\n\n<hr class=\"wp-block-separator has-css-opacity is-style-default\"\/>\n\n\n\n<blockquote class=\"wp-block-quote has-text-align-center is-style-large is-layout-flow wp-block-quote-is-layout-flow\">\n<p>\u00ab&nbsp;Un grand merci pour sa bienveillance. Mon fils en a senti les effets b\u00e9n\u00e9fiques avec un grand sourire. Je recommande !&nbsp;\u00bb<\/p>\n<cite>\u2014 <strong>Emmanuelle S.<\/strong><\/cite><\/blockquote>\n\n\n\n<hr class=\"wp-block-separator has-css-opacity is-style-default\"\/>\n\n\n\n<blockquote class=\"wp-block-quote has-text-align-center is-style-large is-layout-flow wp-block-quote-is-layout-flow\">\n<p>\u00ab&nbsp;J\u2019ai fait ma toute premi\u00e8re s\u00e9ance de kin\u00e9siologie hier et je suis ressortie bluff\u00e9e. La praticienne a \u00e9t\u00e9 d\u2019une grande douceur, tr\u00e8s professionnelle, \u00e0 l\u2019\u00e9coute et profond\u00e9ment bienveillante. D\u00e8s cette premi\u00e8re consultation, j\u2019ai ressenti un r\u00e9el apaisement, comme si un poids s\u2019\u00e9tait all\u00e9g\u00e9. C\u2019est une belle d\u00e9couverte, que je recommande \u00e0 toute personne en qu\u00eate d\u2019un mieux-\u00eatre, autant sur le plan physique qu\u2019\u00e9motionnel. Merci encore pour cette belle exp\u00e9rience !&nbsp;\u00bb<\/p>\n<cite>\u2014 <strong>Laetitia D.<\/strong><\/cite><\/blockquote>\n\n\n\n<hr class=\"wp-block-separator has-css-opacity is-style-default\"\/>\n\n\n\n<blockquote class=\"wp-block-quote has-text-align-center is-style-large is-layout-flow wp-block-quote-is-layout-flow\">\n<p>\u00ab&nbsp;Toujours extr\u00eamement professionnelle et \u00e0 l \u00e9coute. Merci pour le bien-\u00eatre et l apaisement que cela me procure. Tr\u00e8s belle \u00e9nergie, douce et attentive. Merci pour tout&nbsp;\u00bb<\/p>\n<cite>\u2014 <strong>Jocelyne R.<\/strong><\/cite><\/blockquote>\n\n\n\n<hr class=\"wp-block-separator has-css-opacity is-style-default\"\/>\n\n\n\n<blockquote class=\"wp-block-quote has-text-align-center is-style-large is-layout-flow wp-block-quote-is-layout-flow\">\n<p>\u00ab&nbsp;\u00c9coute active et bienveillante. Merci Virginie&nbsp;\u00bb<\/p>\n<cite>\u2014 <strong>Claire V.<\/strong><\/cite><\/blockquote>\n\n\n\n<hr class=\"wp-block-separator has-css-opacity is-style-default\"\/>\n\n\n\n<blockquote class=\"wp-block-quote has-text-align-center is-style-large is-layout-flow wp-block-quote-is-layout-flow\">\n<p>\u00ab&nbsp;Virginie est tr\u00e8s professionnelle. Elle a eu un bon contact avec mon fils de 9 ans. Elle a trouv\u00e9 les mots justes pour lui poser les questions et les explications adapt\u00e9es.&nbsp;\u00bb<\/p>\n<cite>\u2014 D.<\/cite><\/blockquote>\n\n\n\n<hr class=\"wp-block-separator has-css-opacity is-style-default\"\/>\n\n\n\n<blockquote class=\"wp-block-quote has-text-align-center is-style-large is-layout-flow wp-block-quote-is-layout-flow\">\n<p>\u00ab&nbsp;Tr\u00e8s s\u00e9rieuse. Bien \u00e0 l&rsquo;\u00e9coute. Merci&nbsp;\u00bb<\/p>\n<cite>\u2014 <strong>Andr\u00e9e A.<\/strong><\/cite><\/blockquote>\n\n\n\n<hr class=\"wp-block-separator has-css-opacity is-style-default\"\/>\n\n\n\n<blockquote class=\"wp-block-quote has-text-align-center is-style-large is-layout-flow wp-block-quote-is-layout-flow\">\n<p>\u00ab&nbsp;Cette s\u00e9ance a \u00e9t\u00e9 marqu\u00e9e par la bienveillance, une grande \u00e9coute et beaucoup de douceur. Prendre le temps, voil\u00e0 ce qui en fait l&rsquo;essence. Je ressors apais\u00e9e, avec le sentiment d&rsquo;\u00eatre lib\u00e9r\u00e9e d&rsquo;un poids. Je recommande vivement Virginie.&nbsp;\u00bb<\/p>\n<cite>\u2014 <strong>Alexane M.<\/strong><\/cite><\/blockquote>\n\n\n\n<hr class=\"wp-block-separator has-css-opacity is-style-default\"\/>\n\n\n\n<blockquote class=\"wp-block-quote has-text-align-center is-style-large is-layout-flow wp-block-quote-is-layout-flow\">\n<p>\u00ab&nbsp;Toujours tr\u00e8s professionnel et \u00e0 l\u2019\u00e9coute. Chaque s\u00e9ance me fait beaucoup de bien. Je recommande Mme Jeanniere.<br>&nbsp;\u00bb<\/p>\n<cite>\u2014 <strong>Simon M.<\/strong><\/cite><\/blockquote>\n\n\n\n<hr class=\"wp-block-separator has-css-opacity is-style-default\"\/>\n\n\n\n<blockquote class=\"wp-block-quote has-text-align-center is-style-large is-layout-flow wp-block-quote-is-layout-flow\">\n<p>\u00ab&nbsp;Virginie est une personne douce, \u00e0 l&rsquo;\u00e9coute de sont client. J&rsquo;ai \u00e9t\u00e9 suivi pendant quelques mois et m\u00eame \u00e0 la fin de la s\u00e9ance je sentais une diff\u00e9rence. Une l\u00e9g\u00e8ret\u00e9 tant recherch\u00e9e. Je recommande sans h\u00e9sitation&nbsp;\u00bb<\/p>\n<cite>\u2014 <strong>Sabrina B.<\/strong><\/cite><\/blockquote>\n\n\n\n<hr class=\"wp-block-separator has-css-opacity is-style-default\"\/>\n\n\n\n<blockquote class=\"wp-block-quote has-text-align-center is-style-large is-layout-flow wp-block-quote-is-layout-flow\">\n<p>\u00ab&nbsp;Mme Jeanni\u00e8re est une personne bienveillante, \u00e0 l&rsquo;\u00e9coute avec beaucoup de connaissances, de professionnalisme. Elle sait cerner tr\u00e8s rapidement nos ressentis et nos besoins. Ces s\u00e9ances sont d&rsquo;une grande aide pour chacune des th\u00e9matiques abord\u00e9es. Je recommande avec enthousiasme!&nbsp;\u00bb<\/p>\n<cite>\u2014 PM.<\/cite><\/blockquote>\n\n\n\n<hr class=\"wp-block-separator has-css-opacity is-style-default\"\/>\n\n\n\n<p><\/p>\n\t\t\t\t\t\t\t\t<\/div>\n\t\t\t\t<\/div>\n\t\t\t\t\t<\/div>\n\t\t\t\t<\/div>\n\t\t<div class=\"elementor-element elementor-element-69eb4a2 e-flex e-con-boxed e-con e-parent\" data-id=\"69eb4a2\" data-element_type=\"container\">\n\t\t\t\t\t<div class=\"e-con-inner\">\n\t\t\t\t<div class=\"elementor-element elementor-element-b8f0ac0 elementor-align-center elementor-widget elementor-widget-button\" data-id=\"b8f0ac0\" data-element_type=\"widget\" data-widget_type=\"button.default\">\n\t\t\t\t<div class=\"elementor-widget-container\">\n\t\t\t\t\t\t\t\t\t<div class=\"elementor-button-wrapper\">\n\t\t\t\t\t<a class=\"elementor-button elementor-button-link elementor-size-sm\" href=\"https:\/\/www.resalib.fr\/p\/25420\" target=\"_blank\">\n\t\t\t\t\t\t<span class=\"elementor-button-content-wrapper\">\n\t\t\t\t\t\t\t\t\t<span class=\"elementor-button-text\">PRENDRE RDV<\/span>\n\t\t\t\t\t<\/span>\n\t\t\t\t\t<\/a>\n\t\t\t\t<\/div>\n\t\t\t\t\t\t\t\t<\/div>\n\t\t\t\t<\/div>\n\t\t\t\t\t<\/div>\n\t\t\t\t<\/div>\n\t\t\t\t<\/div>\n\t\t","protected":false},"excerpt":{"rendered":"<p>\u00ab\u00a0Excellente Kinesiologue. \u00c0 l\u2019\u00e9coute, professionnelle, franche et sinc\u00e8re. Merci bcp pour cette s\u00e9ance b\u00e9n\u00e9fique\u00a0\u00bb \u2014 Marie L. \u00ab&nbsp;Excellente kinesiologue. Tr\u00e8s professionnelle, \u00e0 l\u2019\u00e9coute et douce, Mille mercis pour cette s\u00e9ance. Je recommande vivement\u00bb \u2014 Marie L. \u00ab&nbsp;Excellente professionnelle , Virginie explique tous ce qu\u2019elle fait avec douceur et bienveillance , franchement je recommande a 100%<\/p>\n","protected":false},"author":1,"featured_media":0,"parent":0,"menu_order":0,"comment_status":"closed","ping_status":"closed","template":"","meta":{"footnotes":""},"class_list":["post-955","page","type-page","status-publish"],"yoast_head":"<!-- This site is optimized with the Yoast SEO plugin v27.5 - https:\/\/yoast.com\/product\/yoast-seo-wordpress\/ -->\n<title>VIRGINIE JEANNIERE, KINESIOLOGUE DEPUIS 2019, LA TESTE DE BUCH - JE VOUS ACCOMPAGNE \u00c0 SURMONTER VOS TROUBLES ANXIEUX ET CRISES D&#039;ANGOISSE EN 3 MOIS. - Vos T\u00e9moignages<\/title>\n<meta name=\"robots\" content=\"index, follow, max-snippet:-1, max-image-preview:large, max-video-preview:-1\" \/>\n<link rel=\"canonical\" href=\"https:\/\/www.kinesiologue-latestedebuch.fr\/index.php\/vos-temoignages\/\" \/>\n<meta property=\"og:locale\" content=\"fr_FR\" \/>\n<meta property=\"og:type\" content=\"article\" \/>\n<meta property=\"og:title\" content=\"VIRGINIE JEANNIERE, KINESIOLOGUE DEPUIS 2019, LA TESTE DE BUCH - JE VOUS ACCOMPAGNE \u00c0 SURMONTER VOS TROUBLES ANXIEUX ET CRISES D&#039;ANGOISSE EN 3 MOIS. - Vos T\u00e9moignages\" \/>\n<meta property=\"og:description\" content=\"\u00ab\u00a0Excellente Kinesiologue. \u00c0 l\u2019\u00e9coute, professionnelle, franche et sinc\u00e8re. Merci bcp pour cette s\u00e9ance b\u00e9n\u00e9fique\u00a0\u00bb \u2014 Marie L. \u00ab&nbsp;Excellente kinesiologue. Tr\u00e8s professionnelle, \u00e0 l\u2019\u00e9coute et douce, Mille mercis pour cette s\u00e9ance. Je recommande vivement\u00bb \u2014 Marie L. \u00ab&nbsp;Excellente professionnelle , Virginie explique tous ce qu\u2019elle fait avec douceur et bienveillance , franchement je recommande a 100%\" \/>\n<meta property=\"og:url\" content=\"https:\/\/www.kinesiologue-latestedebuch.fr\/index.php\/vos-temoignages\/\" \/>\n<meta property=\"og:site_name\" content=\"VIRGINIE JEANNIERE, KINESIOLOGUE DEPUIS 2019, LA TESTE DE BUCH\" \/>\n<meta property=\"article:publisher\" content=\"https:\/\/www.facebook.com\/virginiejeannierekinesiologue\" \/>\n<meta property=\"article:modified_time\" content=\"2025-09-18T14:58:21+00:00\" \/>\n<meta property=\"og:image\" content=\"http:\/\/www.kinesiologue-latestedebuch.fr\/wp-content\/uploads\/2025\/09\/virginie-jeanniere-kinesiologue-avis-excellent-note5.webp\" \/>\n<meta name=\"twitter:card\" content=\"summary_large_image\" \/>\n<meta name=\"twitter:label1\" content=\"Dur\u00e9e de lecture estim\u00e9e\" \/>\n\t<meta name=\"twitter:data1\" content=\"1 minute\" \/>\n<script type=\"application\/ld+json\" class=\"yoast-schema-graph\">{\"@context\":\"https:\\\/\\\/schema.org\",\"@graph\":[{\"@type\":\"WebPage\",\"@id\":\"https:\\\/\\\/www.kinesiologue-latestedebuch.fr\\\/index.php\\\/vos-temoignages\\\/\",\"url\":\"https:\\\/\\\/www.kinesiologue-latestedebuch.fr\\\/index.php\\\/vos-temoignages\\\/\",\"name\":\"VIRGINIE JEANNIERE, KINESIOLOGUE DEPUIS 2019, LA TESTE DE BUCH - JE VOUS ACCOMPAGNE \u00c0 SURMONTER VOS TROUBLES ANXIEUX ET CRISES D&#039;ANGOISSE EN 3 MOIS. - Vos T\u00e9moignages\",\"isPartOf\":{\"@id\":\"https:\\\/\\\/www.kinesiologue-latestedebuch.fr\\\/#website\"},\"primaryImageOfPage\":{\"@id\":\"https:\\\/\\\/www.kinesiologue-latestedebuch.fr\\\/index.php\\\/vos-temoignages\\\/#primaryimage\"},\"image\":{\"@id\":\"https:\\\/\\\/www.kinesiologue-latestedebuch.fr\\\/index.php\\\/vos-temoignages\\\/#primaryimage\"},\"thumbnailUrl\":\"http:\\\/\\\/www.kinesiologue-latestedebuch.fr\\\/wp-content\\\/uploads\\\/2025\\\/09\\\/virginie-jeanniere-kinesiologue-avis-excellent-note5.webp\",\"datePublished\":\"2025-09-18T08:01:53+00:00\",\"dateModified\":\"2025-09-18T14:58:21+00:00\",\"breadcrumb\":{\"@id\":\"https:\\\/\\\/www.kinesiologue-latestedebuch.fr\\\/index.php\\\/vos-temoignages\\\/#breadcrumb\"},\"inLanguage\":\"fr-FR\",\"potentialAction\":[{\"@type\":\"ReadAction\",\"target\":[\"https:\\\/\\\/www.kinesiologue-latestedebuch.fr\\\/index.php\\\/vos-temoignages\\\/\"]}]},{\"@type\":\"ImageObject\",\"inLanguage\":\"fr-FR\",\"@id\":\"https:\\\/\\\/www.kinesiologue-latestedebuch.fr\\\/index.php\\\/vos-temoignages\\\/#primaryimage\",\"url\":\"https:\\\/\\\/i0.wp.com\\\/www.kinesiologue-latestedebuch.fr\\\/wp-content\\\/uploads\\\/2025\\\/09\\\/virginie-jeanniere-kinesiologue-avis-excellent-note5.webp?fit=850%2C144&ssl=1\",\"contentUrl\":\"https:\\\/\\\/i0.wp.com\\\/www.kinesiologue-latestedebuch.fr\\\/wp-content\\\/uploads\\\/2025\\\/09\\\/virginie-jeanniere-kinesiologue-avis-excellent-note5.webp?fit=850%2C144&ssl=1\",\"width\":850,\"height\":144,\"caption\":\"not\u00e9e 5\\\/5\"},{\"@type\":\"BreadcrumbList\",\"@id\":\"https:\\\/\\\/www.kinesiologue-latestedebuch.fr\\\/index.php\\\/vos-temoignages\\\/#breadcrumb\",\"itemListElement\":[{\"@type\":\"ListItem\",\"position\":1,\"name\":\"Accueil\",\"item\":\"https:\\\/\\\/www.kinesiologue-latestedebuch.fr\\\/\"},{\"@type\":\"ListItem\",\"position\":2,\"name\":\"Vos T\u00e9moignages\"}]},{\"@type\":\"WebSite\",\"@id\":\"https:\\\/\\\/www.kinesiologue-latestedebuch.fr\\\/#website\",\"url\":\"https:\\\/\\\/www.kinesiologue-latestedebuch.fr\\\/\",\"name\":\"KINESIOLOGUE LA TESTE DE BUCH\",\"description\":\"JE VOUS ACCOMPAGNE \u00c0 SURMONTER VOS TROUBLES ANXIEUX ET CRISES D&#039;ANGOISSE EN 3 MOIS.\",\"potentialAction\":[{\"@type\":\"SearchAction\",\"target\":{\"@type\":\"EntryPoint\",\"urlTemplate\":\"https:\\\/\\\/www.kinesiologue-latestedebuch.fr\\\/?s={search_term_string}\"},\"query-input\":{\"@type\":\"PropertyValueSpecification\",\"valueRequired\":true,\"valueName\":\"search_term_string\"}}],\"inLanguage\":\"fr-FR\"}]}<\/script>\n<!-- \/ Yoast SEO plugin. -->","yoast_head_json":{"title":"VIRGINIE JEANNIERE, KINESIOLOGUE DEPUIS 2019, LA TESTE DE BUCH - JE VOUS ACCOMPAGNE \u00c0 SURMONTER VOS TROUBLES ANXIEUX ET CRISES D&#039;ANGOISSE EN 3 MOIS. - Vos T\u00e9moignages","robots":{"index":"index","follow":"follow","max-snippet":"max-snippet:-1","max-image-preview":"max-image-preview:large","max-video-preview":"max-video-preview:-1"},"canonical":"https:\/\/www.kinesiologue-latestedebuch.fr\/index.php\/vos-temoignages\/","og_locale":"fr_FR","og_type":"article","og_title":"VIRGINIE JEANNIERE, KINESIOLOGUE DEPUIS 2019, LA TESTE DE BUCH - JE VOUS ACCOMPAGNE \u00c0 SURMONTER VOS TROUBLES ANXIEUX ET CRISES D&#039;ANGOISSE EN 3 MOIS. - Vos T\u00e9moignages","og_description":"\u00ab\u00a0Excellente Kinesiologue. \u00c0 l\u2019\u00e9coute, professionnelle, franche et sinc\u00e8re. Merci bcp pour cette s\u00e9ance b\u00e9n\u00e9fique\u00a0\u00bb \u2014 Marie L. \u00ab&nbsp;Excellente kinesiologue. Tr\u00e8s professionnelle, \u00e0 l\u2019\u00e9coute et douce, Mille mercis pour cette s\u00e9ance. Je recommande vivement\u00bb \u2014 Marie L. \u00ab&nbsp;Excellente professionnelle , Virginie explique tous ce qu\u2019elle fait avec douceur et bienveillance , franchement je recommande a 100%","og_url":"https:\/\/www.kinesiologue-latestedebuch.fr\/index.php\/vos-temoignages\/","og_site_name":"VIRGINIE JEANNIERE, KINESIOLOGUE DEPUIS 2019, LA TESTE DE BUCH","article_publisher":"https:\/\/www.facebook.com\/virginiejeannierekinesiologue","article_modified_time":"2025-09-18T14:58:21+00:00","og_image":[{"url":"http:\/\/www.kinesiologue-latestedebuch.fr\/wp-content\/uploads\/2025\/09\/virginie-jeanniere-kinesiologue-avis-excellent-note5.webp","type":"","width":"","height":""}],"twitter_card":"summary_large_image","twitter_misc":{"Dur\u00e9e de lecture estim\u00e9e":"1 minute"},"schema":{"@context":"https:\/\/schema.org","@graph":[{"@type":"WebPage","@id":"https:\/\/www.kinesiologue-latestedebuch.fr\/index.php\/vos-temoignages\/","url":"https:\/\/www.kinesiologue-latestedebuch.fr\/index.php\/vos-temoignages\/","name":"VIRGINIE JEANNIERE, KINESIOLOGUE DEPUIS 2019, LA TESTE DE BUCH - JE VOUS ACCOMPAGNE \u00c0 SURMONTER VOS TROUBLES ANXIEUX ET CRISES D&#039;ANGOISSE EN 3 MOIS. - Vos T\u00e9moignages","isPartOf":{"@id":"https:\/\/www.kinesiologue-latestedebuch.fr\/#website"},"primaryImageOfPage":{"@id":"https:\/\/www.kinesiologue-latestedebuch.fr\/index.php\/vos-temoignages\/#primaryimage"},"image":{"@id":"https:\/\/www.kinesiologue-latestedebuch.fr\/index.php\/vos-temoignages\/#primaryimage"},"thumbnailUrl":"http:\/\/www.kinesiologue-latestedebuch.fr\/wp-content\/uploads\/2025\/09\/virginie-jeanniere-kinesiologue-avis-excellent-note5.webp","datePublished":"2025-09-18T08:01:53+00:00","dateModified":"2025-09-18T14:58:21+00:00","breadcrumb":{"@id":"https:\/\/www.kinesiologue-latestedebuch.fr\/index.php\/vos-temoignages\/#breadcrumb"},"inLanguage":"fr-FR","potentialAction":[{"@type":"ReadAction","target":["https:\/\/www.kinesiologue-latestedebuch.fr\/index.php\/vos-temoignages\/"]}]},{"@type":"ImageObject","inLanguage":"fr-FR","@id":"https:\/\/www.kinesiologue-latestedebuch.fr\/index.php\/vos-temoignages\/#primaryimage","url":"https:\/\/i0.wp.com\/www.kinesiologue-latestedebuch.fr\/wp-content\/uploads\/2025\/09\/virginie-jeanniere-kinesiologue-avis-excellent-note5.webp?fit=850%2C144&ssl=1","contentUrl":"https:\/\/i0.wp.com\/www.kinesiologue-latestedebuch.fr\/wp-content\/uploads\/2025\/09\/virginie-jeanniere-kinesiologue-avis-excellent-note5.webp?fit=850%2C144&ssl=1","width":850,"height":144,"caption":"not\u00e9e 5\/5"},{"@type":"BreadcrumbList","@id":"https:\/\/www.kinesiologue-latestedebuch.fr\/index.php\/vos-temoignages\/#breadcrumb","itemListElement":[{"@type":"ListItem","position":1,"name":"Accueil","item":"https:\/\/www.kinesiologue-latestedebuch.fr\/"},{"@type":"ListItem","position":2,"name":"Vos T\u00e9moignages"}]},{"@type":"WebSite","@id":"https:\/\/www.kinesiologue-latestedebuch.fr\/#website","url":"https:\/\/www.kinesiologue-latestedebuch.fr\/","name":"KINESIOLOGUE LA TESTE DE BUCH","description":"JE VOUS ACCOMPAGNE \u00c0 SURMONTER VOS TROUBLES ANXIEUX ET CRISES D&#039;ANGOISSE EN 3 MOIS.","potentialAction":[{"@type":"SearchAction","target":{"@type":"EntryPoint","urlTemplate":"https:\/\/www.kinesiologue-latestedebuch.fr\/?s={search_term_string}"},"query-input":{"@type":"PropertyValueSpecification","valueRequired":true,"valueName":"search_term_string"}}],"inLanguage":"fr-FR"}]}},"jetpack_sharing_enabled":true,"_links":{"self":[{"href":"https:\/\/www.kinesiologue-latestedebuch.fr\/index.php\/wp-json\/wp\/v2\/pages\/955","targetHints":{"allow":["GET"]}}],"collection":[{"href":"https:\/\/www.kinesiologue-latestedebuch.fr\/index.php\/wp-json\/wp\/v2\/pages"}],"about":[{"href":"https:\/\/www.kinesiologue-latestedebuch.fr\/index.php\/wp-json\/wp\/v2\/types\/page"}],"author":[{"embeddable":true,"href":"https:\/\/www.kinesiologue-latestedebuch.fr\/index.php\/wp-json\/wp\/v2\/users\/1"}],"replies":[{"embeddable":true,"href":"https:\/\/www.kinesiologue-latestedebuch.fr\/index.php\/wp-json\/wp\/v2\/comments?post=955"}],"version-history":[{"count":15,"href":"https:\/\/www.kinesiologue-latestedebuch.fr\/index.php\/wp-json\/wp\/v2\/pages\/955\/revisions"}],"predecessor-version":[{"id":974,"href":"https:\/\/www.kinesiologue-latestedebuch.fr\/index.php\/wp-json\/wp\/v2\/pages\/955\/revisions\/974"}],"wp:attachment":[{"href":"https:\/\/www.kinesiologue-latestedebuch.fr\/index.php\/wp-json\/wp\/v2\/media?parent=955"}],"curies":[{"name":"wp","href":"https:\/\/api.w.org\/{rel}","templated":true}]}}